{"id":41363,"date":"2019-12-19T09:39:44","date_gmt":"2019-12-19T08:39:44","guid":{"rendered":"https:\/\/designwerk.li\/impressum\/"},"modified":"2025-09-03T14:36:22","modified_gmt":"2025-09-03T12:36:22","slug":"note-legali","status":"publish","type":"page","link":"https:\/\/designwerk.li\/it\/note-legali\/","title":{"rendered":"Note legali"},"content":{"rendered":"<div class=\"wpb-content-wrapper\"><p>[vc_row][vc_column][vc_column_text css=&#8221;&#8221;]<\/p>\n<h1>Note legali<\/h1>\n<p><strong>designwerk AG<br \/>\n<\/strong>Industriestrasse 4<br \/>\n9487 Bendern<br \/>\nLiechtenstein<br \/>\ntelefono: +423 370 10 26<br \/>\n<a href=\"mailto:info@designwerk.li\">info@designwerk.li<\/a><\/p>\n<p>Direttore generale: Patrick Poltera<\/p>\n<h2>Numero di registro delle imprese FL<\/h2>\n<p>FL-000.2.601.315-9<\/p>\n<h2>Autorit\u00e0 di vigilanza<\/h2>\n<p>Ufficio dell&#8217;economia nazionale, Vaduz<\/p>\n<h2>Numero IVA<\/h2>\n<p>60 848<\/p>\n<h2>Partita IVA<\/h2>\n<p>CHE-472.923.880<\/p>\n<h2>WEEE-numero di registrazione<\/h2>\n<p>DE33632164<br \/>\n<a href=\"https:\/\/www.bmuv.de\/themen\/wasser-ressourcen-abfall\/kreislaufwirtschaft\/statistiken\/elektro-und-elektronikaltgeraete\" target=\"_blank\" rel=\"noopener\">Obblighi di informazione secondo \u00a718 Abs. 2 Elektro- und Elektronikger\u00e4tegesetz<\/a><\/p>\n<h2>Contenuto<\/h2>\n<p>\u00a9Copyright designwerk ag, Bendern[\/vc_column_text][vc_empty_space height=&#8221;50px&#8221;][\/vc_column][\/vc_row][vc_row][vc_column][vc_column_text css=&#8221;&#8221;]<\/p>\n<h1>Disclaimer<\/h1>\n<p>Questo \u00e8 il sito web di designwerk ag (di seguito denominato \u201cgestore del sito web\u201d). Le seguenti disposizioni si applicano a tutte le pagine e sottopagine di questo sito web. Le persone che accedono a queste pagine web e richiamano informazioni dichiarano di accettare le seguenti disposizioni:<\/p>\n<h2>Utilizzo<\/h2>\n<p>Il gestore del sito web si impegna a garantire il funzionamento sicuro del sito web. Tuttavia, non \u00e8 possibile escludere difetti quali perdita o falsificazione di dati, attacchi di virus, interruzioni del funzionamento, ecc. L&#8217;accesso alle pagine web avviene quindi a proprio rischio e sotto la propria responsabilit\u00e0.<\/p>\n<h2>Esclusione di responsabilit\u00e0<\/h2>\n<p>Il gestore del sito web declina ogni responsabilit\u00e0 per danni o danni consequenziali derivanti dall&#8217;accesso al proprio sito web o a singole parti di esso (ad es. documenti scaricati), dal loro utilizzo (o dall&#8217;impossibilit\u00e0 di accesso o utilizzo) o dai link ad altri siti web.<\/p>\n<h2>Esclusione di garanzia<\/h2>\n<p>Il gestore del sito web non si assume alcuna responsabilit\u00e0 per l&#8217;attualit\u00e0, la correttezza, la completezza o la qualit\u00e0 delle informazioni fornite. Sono escluse rivendicazioni di responsabilit\u00e0 nei confronti del gestore del sito web relative a danni materiali o immateriali causati dall&#8217;utilizzo delle informazioni fornite. Il gestore del sito web si riserva espressamente il diritto di modificare, integrare o cancellare parti delle pagine o l&#8217;intera offerta senza preavviso.<\/p>\n<h2>Siti web collegati (link)<\/h2>\n<p>Le pagine web contengono in parte link a siti web di terzi. Il gestore del sito web non si assume alcuna responsabilit\u00e0 per il loro contenuto, i prodotti, i servizi o altre offerte ivi proposti, n\u00e9 per il rispetto delle norme sulla protezione dei dati. L&#8217;attivazione di un link avviene sotto la propria responsabilit\u00e0.<\/p>\n<h2>Protezione dei dati<\/h2>\n<p>I dati che ci inviate vengono utilizzati esclusivamente per rispondere alle vostre richieste, migliorare il nostro sito web o comunicare con voi. Tutte le informazioni automatiche che riceviamo e memorizziamo vengono valutate esclusivamente per scopi interni. Inoltre, non vi chiediamo di fornire dati personali per effettuare un download. Ci impegniamo a trasmettere i dati che ci vengono forniti a terzi solo se ci\u00f2 \u00e8 conforme alla legge sulla protezione dei dati.[\/vc_column_text][vc_empty_space height=&#8221;50px&#8221;][\/vc_column][\/vc_row]<\/p>\n<\/div>","protected":false},"excerpt":{"rendered":"<p>[vc_row][vc_column][vc_column_text css=&#8221;&#8221;] Note legali designwerk AG Industriestrasse 4 9487 Bendern Liechtenstein telefono: +423 370 10 26 info@designwerk.li Direttore generale: Patrick Poltera Numero di registro delle imprese FL FL-000.2.601.315-9 Autorit\u00e0 di vigilanza Ufficio dell&#8217;economia nazionale, Vaduz Numero IVA 60 848 Partita [&hellip;]<\/p>\n","protected":false},"author":3,"featured_media":0,"parent":0,"menu_order":0,"comment_status":"closed","ping_status":"closed","template":"","meta":{"_acf_changed":false,"footnotes":""},"class_list":["post-41363","page","type-page","status-publish","hentry"],"acf":[],"_links":{"self":[{"href":"https:\/\/designwerk.li\/it\/wp-json\/wp\/v2\/pages\/41363","targetHints":{"allow":["GET"]}}],"collection":[{"href":"https:\/\/designwerk.li\/it\/wp-json\/wp\/v2\/pages"}],"about":[{"href":"https:\/\/designwerk.li\/it\/wp-json\/wp\/v2\/types\/page"}],"author":[{"embeddable":true,"href":"https:\/\/designwerk.li\/it\/wp-json\/wp\/v2\/users\/3"}],"replies":[{"embeddable":true,"href":"https:\/\/designwerk.li\/it\/wp-json\/wp\/v2\/comments?post=41363"}],"version-history":[{"count":3,"href":"https:\/\/designwerk.li\/it\/wp-json\/wp\/v2\/pages\/41363\/revisions"}],"predecessor-version":[{"id":41892,"href":"https:\/\/designwerk.li\/it\/wp-json\/wp\/v2\/pages\/41363\/revisions\/41892"}],"wp:attachment":[{"href":"https:\/\/designwerk.li\/it\/wp-json\/wp\/v2\/media?parent=41363"}],"curies":[{"name":"wp","href":"https:\/\/api.w.org\/{rel}","templated":true}]}}