{"id":41361,"date":"2024-02-20T15:37:40","date_gmt":"2024-02-20T14:37:40","guid":{"rendered":"https:\/\/designwerk.li\/compliance\/"},"modified":"2025-09-03T15:09:50","modified_gmt":"2025-09-03T13:09:50","slug":"conformita","status":"publish","type":"page","link":"https:\/\/designwerk.li\/it\/conformita\/","title":{"rendered":"Conformit\u00e0"},"content":{"rendered":"<div class=\"wpb-content-wrapper\"><p>[vc_row][vc_column][vc_column_text css=&#8221;&#8221;]<\/p>\n<h1>Codice di condotta di designwerk AG<\/h1>\n<p>Richiediamo ai nostri dipendenti e partner, come fornitori e prestatori di servizi, un comportamento conforme alla legge, ecologico e socialmente responsabile. Tutti i dipendenti e i partner sono quindi tenuti a rispettare le leggi vigenti e il presente codice di condotta nell&#8217;ambito della loro attivit\u00e0 per designwerk e le sue societ\u00e0 affiliate.[\/vc_column_text][\/vc_column][\/vc_row][vc_row][vc_column][vc_empty_space][\/vc_column][\/vc_row][vc_row][vc_column]<div class=\"qodef-elements-holder   qodef-one-column  qodef-responsive-mode-768 \" ><div class=\"qodef-eh-item    \"  data-item-class=\"qodef-eh-custom-1451\">\n\t<div class=\"qodef-eh-item-inner\">\n\t\t<div class=\"qodef-eh-item-content qodef-eh-custom-1451\" >\n\t\t\t<a itemprop=\"url\" href=\"https:\/\/designwerk.li\/wp-content\/uploads\/2024\/02\/Code-of-Conduct_designwerk_D.pdf\" target=\"_blank\"  class=\"qodef-btn qodef-btn-medium qodef-btn-simple qodef-btn-icon\"  >\n    <span class=\"qodef-btn-text\">COC designwerk AG (DE)<\/span>\n    <i class=\"qodef-icon-font-awesome fa fa-file-pdf \" ><\/i><\/a>\t\t<\/div>\n\t<\/div>\n<\/div><\/div><div class=\"qodef-elements-holder   qodef-one-column  qodef-responsive-mode-768 \" ><div class=\"qodef-eh-item    \"  data-item-class=\"qodef-eh-custom-1715\">\n\t<div class=\"qodef-eh-item-inner\">\n\t\t<div class=\"qodef-eh-item-content qodef-eh-custom-1715\" >\n\t\t\t<a itemprop=\"url\" href=\"https:\/\/designwerk.li\/wp-content\/uploads\/2024\/10\/Code-of-Conduct_designwerk_PL.pdf\" target=\"_blank\"  class=\"qodef-btn qodef-btn-medium qodef-btn-simple qodef-btn-icon\"  >\n    <span class=\"qodef-btn-text\">Kodeks Post\u0119powania designwerk (PL)<\/span>\n    <i class=\"qodef-icon-font-awesome fa fa-file-pdf \" ><\/i><\/a>\t\t<\/div>\n\t<\/div>\n<\/div><\/div><div class=\"qodef-elements-holder   qodef-one-column  qodef-responsive-mode-768 \" ><div class=\"qodef-eh-item    \"  data-item-class=\"qodef-eh-custom-9006\">\n\t<div class=\"qodef-eh-item-inner\">\n\t\t<div class=\"qodef-eh-item-content qodef-eh-custom-9006\" >\n\t\t\t<a itemprop=\"url\" href=\"https:\/\/designwerk.li\/wp-content\/uploads\/2024\/10\/Code-of-Conduct_designwerk_RO.pdf\" target=\"_blank\"  class=\"qodef-btn qodef-btn-medium qodef-btn-simple qodef-btn-icon\"  >\n    <span class=\"qodef-btn-text\">Cod de conduita designwerk (RO)<\/span>\n    <i class=\"qodef-icon-font-awesome fa fa-file-pdf \" ><\/i><\/a>\t\t<\/div>\n\t<\/div>\n<\/div><\/div><div class=\"qodef-elements-holder   qodef-one-column  qodef-responsive-mode-768 \" ><div class=\"qodef-eh-item    \"  data-item-class=\"qodef-eh-custom-1162\">\n\t<div class=\"qodef-eh-item-inner\">\n\t\t<div class=\"qodef-eh-item-content qodef-eh-custom-1162\" >\n\t\t\t<a itemprop=\"url\" href=\"https:\/\/designwerk.li\/wp-content\/uploads\/2024\/10\/Code-of-Conduct_designwerk_BIH.pdf\" target=\"_blank\"  class=\"qodef-btn qodef-btn-medium qodef-btn-simple qodef-btn-icon\"  >\n    <span class=\"qodef-btn-text\">Kodeks pona\u0161anja designwerk (BIH)<\/span>\n    <i class=\"qodef-icon-font-awesome fa fa-file-pdf \" ><\/i><\/a>\t\t<\/div>\n\t<\/div>\n<\/div><\/div>[\/vc_column][\/vc_row][vc_row][vc_column][vc_empty_space][\/vc_column][\/vc_row][vc_row][vc_column][vc_column_text css=&#8221;&#8221;]<\/p>\n<h1>Procedura di reclamo<\/h1>\n<p>Per designwerk AG \u00e8 estremamente importante che il codice di condotta venga rispettato lungo tutta la catena di fornitura.<\/p>\n<p>Per segnalare violazioni del codice di condotta \u00e8 disponibile un ufficio di segnalazione riservato (<a class=\"mail-link\" data-enc-email=\"juvfgyroybjre[at]pbggn.yv\" data-wpel-link=\"ignore\"><span id=\"eeb-874703-559477\">whistleblower@designwerk.li<\/span><\/a>).<\/p>\n<p>Tutte le informazioni fornite, compresa l&#8217;identit\u00e0 dell&#8217;informatore, saranno trattate con la massima riservatezza.<\/p>\n<p>Il sistema di reclamo si riferisce alle segnalazioni di comportamenti illegali in relazione a rischi legati ai diritti umani e all&#8217;ambiente. I reclami di carattere generale e le richieste relative ai prodotti e alla garanzia non saranno trattati.[\/vc_column_text][\/vc_column][\/vc_row][vc_row][vc_column][vc_empty_space][\/vc_column][\/vc_row][vc_row][vc_column]<div class=\"qodef-elements-holder   qodef-one-column  qodef-responsive-mode-768 \" ><div class=\"qodef-eh-item    \"  data-item-class=\"qodef-eh-custom-6552\">\n\t<div class=\"qodef-eh-item-inner\">\n\t\t<div class=\"qodef-eh-item-content qodef-eh-custom-6552\" >\n\t\t\t<a itemprop=\"url\" href=\"https:\/\/designwerk.li\/wp-content\/uploads\/2024\/10\/Beschwerdewesen_designwerk_PL.pdf\" target=\"_blank\"  class=\"qodef-btn qodef-btn-medium qodef-btn-simple qodef-btn-icon\"  >\n    <span class=\"qodef-btn-text\">System zg\u0142aszania nieprawid\u0142owo\u015bci (PL)<\/span>\n    <i class=\"qodef-icon-font-awesome fa fa-file-pdf \" ><\/i><\/a>\t\t<\/div>\n\t<\/div>\n<\/div><\/div><div class=\"qodef-elements-holder   qodef-one-column  qodef-responsive-mode-768 \" ><div class=\"qodef-eh-item    \"  data-item-class=\"qodef-eh-custom-9456\">\n\t<div class=\"qodef-eh-item-inner\">\n\t\t<div class=\"qodef-eh-item-content qodef-eh-custom-9456\" >\n\t\t\t<a itemprop=\"url\" href=\"https:\/\/designwerk.li\/wp-content\/uploads\/2024\/10\/Beschwerdewesen_designwerk_RO.pdf\" target=\"_blank\"  class=\"qodef-btn qodef-btn-medium qodef-btn-simple qodef-btn-icon\"  >\n    <span class=\"qodef-btn-text\">Sistemul de reclamatii (RO)<\/span>\n    <i class=\"qodef-icon-font-awesome fa fa-file-pdf \" ><\/i><\/a>\t\t<\/div>\n\t<\/div>\n<\/div><\/div><div class=\"qodef-elements-holder   qodef-one-column  qodef-responsive-mode-768 \" ><div class=\"qodef-eh-item    \"  data-item-class=\"qodef-eh-custom-3883\">\n\t<div class=\"qodef-eh-item-inner\">\n\t\t<div class=\"qodef-eh-item-content qodef-eh-custom-3883\" >\n\t\t\t<a itemprop=\"url\" href=\"https:\/\/designwerk.li\/wp-content\/uploads\/2024\/10\/Beschwerdewesen_designwerk_BIH.pdf\" target=\"_blank\"  class=\"qodef-btn qodef-btn-medium qodef-btn-simple qodef-btn-icon\"  >\n    <span class=\"qodef-btn-text\">Sistem reklamacija (BIH)<\/span>\n    <i class=\"qodef-icon-font-awesome fa fa-file-pdf \" ><\/i><\/a>\t\t<\/div>\n\t<\/div>\n<\/div><\/div>[\/vc_column][\/vc_row][vc_row disable_element=&#8221;yes&#8221;][vc_column]<div class=\"qodef-elements-holder   qodef-one-column  qodef-responsive-mode-768 \" ><div class=\"qodef-eh-item    \"  data-item-class=\"qodef-eh-custom-5875\">\n\t<div class=\"qodef-eh-item-inner\">\n\t\t<div class=\"qodef-eh-item-content qodef-eh-custom-5875\" >\n\t\t\t<a itemprop=\"url\" href=\"https:\/\/designwerk.li\/wp-content\/uploads\/2023\/03\/dse_dw_Kunden_03-2023.pdf\" target=\"_blank\"  class=\"qodef-btn qodef-btn-medium qodef-btn-simple qodef-btn-icon\"  >\n    <span class=\"qodef-btn-text\">Datenschutzerkl\u00e4rung f\u00fcr Kunden<\/span>\n    <i class=\"qodef-icon-font-awesome fa fa-file-pdf \" ><\/i><\/a>\t\t<\/div>\n\t<\/div>\n<\/div><\/div>[\/vc_column][\/vc_row][vc_row disable_element=&#8221;yes&#8221;][vc_column]<div class=\"qodef-elements-holder   qodef-one-column  qodef-responsive-mode-768 \" ><div class=\"qodef-eh-item    \"  data-item-class=\"qodef-eh-custom-6864\">\n\t<div class=\"qodef-eh-item-inner\">\n\t\t<div class=\"qodef-eh-item-content qodef-eh-custom-6864\" >\n\t\t\t<a itemprop=\"url\" href=\"https:\/\/designwerk.li\/wp-content\/uploads\/2023\/03\/dse_dw_Endkunden_03-2023.pdf\" target=\"_blank\"  class=\"qodef-btn qodef-btn-medium qodef-btn-simple qodef-btn-icon\"  >\n    <span class=\"qodef-btn-text\">Datenschutzerkl\u00e4rung f\u00fcr Endkunden<\/span>\n    <i class=\"qodef-icon-font-awesome fa fa-file-pdf \" ><\/i><\/a>\t\t<\/div>\n\t<\/div>\n<\/div><\/div>[\/vc_column][\/vc_row][vc_row disable_element=&#8221;yes&#8221;][vc_column]<div class=\"qodef-elements-holder   qodef-one-column  qodef-responsive-mode-768 \" ><div class=\"qodef-eh-item    \"  data-item-class=\"qodef-eh-custom-7336\">\n\t<div class=\"qodef-eh-item-inner\">\n\t\t<div class=\"qodef-eh-item-content qodef-eh-custom-7336\" >\n\t\t\t<a itemprop=\"url\" href=\"https:\/\/designwerk.li\/wp-content\/uploads\/2023\/03\/dse_dw_Lieferanten_03-2023.pdf\" target=\"_blank\"  class=\"qodef-btn qodef-btn-medium qodef-btn-simple qodef-btn-icon\"  >\n    <span class=\"qodef-btn-text\">Datenschutzerkl\u00e4rung f\u00fcr Lieferanten<\/span>\n    <i class=\"qodef-icon-font-awesome fa fa-file-pdf \" ><\/i><\/a>\t\t<\/div>\n\t<\/div>\n<\/div><\/div>[\/vc_column][\/vc_row][vc_row disable_element=&#8221;yes&#8221;][vc_column]<div class=\"qodef-elements-holder   qodef-one-column  qodef-responsive-mode-768 \" ><div class=\"qodef-eh-item    \"  data-item-class=\"qodef-eh-custom-7726\">\n\t<div class=\"qodef-eh-item-inner\">\n\t\t<div class=\"qodef-eh-item-content qodef-eh-custom-7726\" >\n\t\t\t<a itemprop=\"url\" href=\"https:\/\/designwerk.li\/wp-content\/uploads\/2023\/03\/dse_dw_Dienstleister_03-2023.pdf\" target=\"_blank\"  class=\"qodef-btn qodef-btn-medium qodef-btn-simple qodef-btn-icon\"  >\n    <span class=\"qodef-btn-text\">Datenschutzerkl\u00e4rung f\u00fcr Dienstleister<\/span>\n    <i class=\"qodef-icon-font-awesome fa fa-file-pdf \" ><\/i><\/a>\t\t<\/div>\n\t<\/div>\n<\/div><\/div>[\/vc_column][\/vc_row]<\/p>\n<\/div>","protected":false},"excerpt":{"rendered":"<p>[vc_row][vc_column][vc_column_text css=&#8221;&#8221;] Codice di condotta di designwerk AG Richiediamo ai nostri dipendenti e partner, come fornitori e prestatori di servizi, un comportamento conforme alla legge, ecologico e socialmente responsabile. Tutti i dipendenti e i partner sono quindi tenuti a rispettare [&hellip;]<\/p>\n","protected":false},"author":3,"featured_media":0,"parent":0,"menu_order":0,"comment_status":"closed","ping_status":"closed","template":"","meta":{"_acf_changed":false,"footnotes":""},"class_list":["post-41361","page","type-page","status-publish","hentry"],"acf":[],"_links":{"self":[{"href":"https:\/\/designwerk.li\/it\/wp-json\/wp\/v2\/pages\/41361","targetHints":{"allow":["GET"]}}],"collection":[{"href":"https:\/\/designwerk.li\/it\/wp-json\/wp\/v2\/pages"}],"about":[{"href":"https:\/\/designwerk.li\/it\/wp-json\/wp\/v2\/types\/page"}],"author":[{"embeddable":true,"href":"https:\/\/designwerk.li\/it\/wp-json\/wp\/v2\/users\/3"}],"replies":[{"embeddable":true,"href":"https:\/\/designwerk.li\/it\/wp-json\/wp\/v2\/comments?post=41361"}],"version-history":[{"count":2,"href":"https:\/\/designwerk.li\/it\/wp-json\/wp\/v2\/pages\/41361\/revisions"}],"predecessor-version":[{"id":41901,"href":"https:\/\/designwerk.li\/it\/wp-json\/wp\/v2\/pages\/41361\/revisions\/41901"}],"wp:attachment":[{"href":"https:\/\/designwerk.li\/it\/wp-json\/wp\/v2\/media?parent=41361"}],"curies":[{"name":"wp","href":"https:\/\/api.w.org\/{rel}","templated":true}]}}