{"id":40164,"date":"2024-08-29T15:09:56","date_gmt":"2024-08-29T13:09:56","guid":{"rendered":"https:\/\/designwerk.li\/betten\/"},"modified":"2025-04-30T16:11:10","modified_gmt":"2025-04-30T14:11:10","slug":"letti","status":"publish","type":"page","link":"https:\/\/designwerk.li\/it\/letti\/","title":{"rendered":"Letti"},"content":{"rendered":"<div class=\"wpb-content-wrapper\"><p>[vc_row][vc_column]<div class=\"qodef-elements-holder   qodef-one-column  qodef-responsive-mode-768 \" ><div class=\"qodef-eh-item   qodef-horizontal-alignment-center \"  data-item-class=\"qodef-eh-custom-1921\" data-681-768=\"0px 0px 0px 0px\" data-680=\"48px 0px 24px 0px\">\n\t<div class=\"qodef-eh-item-inner\">\n\t\t<div class=\"qodef-eh-item-content qodef-eh-custom-1921\" style=\"padding: 134px 26% 112px\">\n\t\t\t<div class=\"qodef-section-title-holder  qodef-st-standard qodef-st-title-left qodef-st-normal-space \" >\n\t<div class=\"qodef-st-inner\">\n\t\t\t\t\t<h2 class=\"qodef-st-title\" >\n\t\t\t\tLetti\t\t\t<\/h2>\n\t\t\t\t\t\t\t<h4 class=\"qodef-st-text\" style=\"color: #0a0a0a;line-height: 28px;font-weight: 300\">\n\t\t\t\tLetti di design per la vostra casa. Scegliete un letto di design di designwerk. Otterrete il meglio in termini di estetica e comfort. Numerose combinazioni e un'ampia scelta di tessuti offrono spazio all'individualit\u00e0. C'\u00e8 qualcosa che si adatta a ogni stile di vita e a ogni gusto. L'abitare di prima classe \u00e8 garantito. Vivete in modo moderno e con un'eleganza senza tempo con designwerk.\t\t\t<\/h4>\n\t\t\t<\/div>\n<\/div>\t\t<\/div>\n\t<\/div>\n<\/div><\/div>[\/vc_column][\/vc_row][vc_row css=&#8221;.vc_custom_1611651468490{padding-bottom: 110px !important;}&#8221;][vc_column]<div class=\"qodef-portfolio-list-holder qodef-grid-list qodef-disable-bottom-space qodef-pl-gallery qodef-two-columns qodef-normal-space qodef-pl-standard-shader    qodef-pl-pag-no-pagination qodef-pl-has-filter qodef-pl-has-animation   \"  data-type=gallery data-number-of-columns=two data-space-between-items=normal data-number-of-items=-1 data-image-proportions=full data-enable-fixed-proportions=no data-enable-image-shadow=no data-category=betten data-orderby=title data-order=ASC data-item-style=standard-shader data-enable-title=yes data-title-tag=h3 data-enable-category=no data-enable-count-images=yes data-enable-excerpt=no data-excerpt-length=20 data-pagination-type=no-pagination data-filter=yes data-filter-order-by=name data-enable-article-animation=yes data-portfolio-slider-on=no data-enable-loop=yes data-enable-autoplay=yes data-slider-speed=5000 data-slider-speed-animation=600 data-enable-navigation=yes data-enable-pagination=yes data-max-num-pages=0 data-next-page=2>\n\t\t<div class=\"qodef-pl-filter-holder\" >\n\t\t<div class=\"qodef-plf-inner\">\n\t\t\t\t\t<\/div>\n\t<\/div>\n\t<div class=\"qodef-pl-inner qodef-outer-space  clearfix\">\n\t\t<article class=\"qodef-pl-item qodef-item-space  post-40797 portfolio-item type-portfolio-item status-publish has-post-thumbnail hentry portfolio-category-letti\">\n\t<div class=\"qodef-pl-item-inner\">\n\t\t<div class=\"qodef-pli-image\">\n\t<img decoding=\"async\" width=\"900\" height=\"600\" src=\"https:\/\/designwerk.li\/wp-content\/uploads\/2024\/06\/Portfolio-Fluffy-Bett.jpg\" class=\"attachment-full size-full wp-post-image\" alt=\"\" srcset=\"https:\/\/designwerk.li\/wp-content\/uploads\/2024\/06\/Portfolio-Fluffy-Bett.jpg 900w, https:\/\/designwerk.li\/wp-content\/uploads\/2024\/06\/Portfolio-Fluffy-Bett-300x200.jpg 300w, https:\/\/designwerk.li\/wp-content\/uploads\/2024\/06\/Portfolio-Fluffy-Bett-768x512.jpg 768w\" sizes=\"(max-width: 900px) 100vw, 900px\" \/><\/div>\n<div class=\"qodef-pli-text-holder\" >\n\t<div class=\"qodef-pli-text-wrapper\">\n\t\t<div class=\"qodef-pli-text\">\n\t\t\t\t<h3 itemprop=\"name\" class=\"qodef-pli-title entry-title\" >\n\t\tFluffy letto imbottito\t<\/h3>\n\n\t\t\t\n\t\t\t\n\t\t\t\t\t<\/div>\n\t<\/div>\n<\/div>\t\t<a itemprop=\"url\" class=\"qodef-pli-link qodef-block-drag-link\" href=\"https:\/\/designwerk.li\/it\/design-furniture\/fluffy-letto-imbottito\/\" target=\"_self\"><\/a>\n\t<\/div>\n<\/article><article class=\"qodef-pl-item qodef-item-space  post-40803 portfolio-item type-portfolio-item status-publish has-post-thumbnail hentry portfolio-category-letti\">\n\t<div class=\"qodef-pl-item-inner\">\n\t\t<div class=\"qodef-pli-image\">\n\t<img decoding=\"async\" width=\"900\" height=\"600\" src=\"https:\/\/designwerk.li\/wp-content\/uploads\/2024\/06\/Portfolio-Pantheon-Bett.jpg\" class=\"attachment-full size-full wp-post-image\" alt=\"\" srcset=\"https:\/\/designwerk.li\/wp-content\/uploads\/2024\/06\/Portfolio-Pantheon-Bett.jpg 900w, https:\/\/designwerk.li\/wp-content\/uploads\/2024\/06\/Portfolio-Pantheon-Bett-300x200.jpg 300w, https:\/\/designwerk.li\/wp-content\/uploads\/2024\/06\/Portfolio-Pantheon-Bett-768x512.jpg 768w\" sizes=\"(max-width: 900px) 100vw, 900px\" \/><\/div>\n<div class=\"qodef-pli-text-holder\" >\n\t<div class=\"qodef-pli-text-wrapper\">\n\t\t<div class=\"qodef-pli-text\">\n\t\t\t\t<h3 itemprop=\"name\" class=\"qodef-pli-title entry-title\" >\n\t\tPantheon letto imbottito\t<\/h3>\n\n\t\t\t\n\t\t\t\n\t\t\t\t\t<\/div>\n\t<\/div>\n<\/div>\t\t<a itemprop=\"url\" class=\"qodef-pli-link qodef-block-drag-link\" href=\"https:\/\/designwerk.li\/it\/design-furniture\/pantheon-letto-imbottito\/\" target=\"_self\"><\/a>\n\t<\/div>\n<\/article><article class=\"qodef-pl-item qodef-item-space  post-40810 portfolio-item type-portfolio-item status-publish has-post-thumbnail hentry portfolio-category-letti\">\n\t<div class=\"qodef-pl-item-inner\">\n\t\t<div class=\"qodef-pli-image\">\n\t<img decoding=\"async\" width=\"900\" height=\"600\" src=\"https:\/\/designwerk.li\/wp-content\/uploads\/2024\/06\/Portfolio-Temple-Bett.jpg\" class=\"attachment-full size-full wp-post-image\" alt=\"\" srcset=\"https:\/\/designwerk.li\/wp-content\/uploads\/2024\/06\/Portfolio-Temple-Bett.jpg 900w, https:\/\/designwerk.li\/wp-content\/uploads\/2024\/06\/Portfolio-Temple-Bett-300x200.jpg 300w, https:\/\/designwerk.li\/wp-content\/uploads\/2024\/06\/Portfolio-Temple-Bett-768x512.jpg 768w\" sizes=\"(max-width: 900px) 100vw, 900px\" \/><\/div>\n<div class=\"qodef-pli-text-holder\" >\n\t<div class=\"qodef-pli-text-wrapper\">\n\t\t<div class=\"qodef-pli-text\">\n\t\t\t\t<h3 itemprop=\"name\" class=\"qodef-pli-title entry-title\" >\n\t\tTemple letto imbottito\t<\/h3>\n\n\t\t\t\n\t\t\t\n\t\t\t\t\t<\/div>\n\t<\/div>\n<\/div>\t\t<a itemprop=\"url\" class=\"qodef-pli-link qodef-block-drag-link\" href=\"https:\/\/designwerk.li\/it\/design-furniture\/temple-letto-imbottito\/\" target=\"_self\"><\/a>\n\t<\/div>\n<\/article>\t<\/div>\n\t\n\t<\/div>[\/vc_column][\/vc_row]<\/p>\n<\/div>","protected":false},"excerpt":{"rendered":"<p>[vc_row][vc_column][\/vc_column][\/vc_row][vc_row css=&#8221;.vc_custom_1611651468490{padding-bottom: 110px !important;}&#8221;][vc_column][\/vc_column][\/vc_row]<\/p>\n","protected":false},"author":3,"featured_media":0,"parent":0,"menu_order":0,"comment_status":"closed","ping_status":"closed","template":"","meta":{"_acf_changed":false,"footnotes":""},"class_list":["post-40164","page","type-page","status-publish","hentry"],"acf":[],"_links":{"self":[{"href":"https:\/\/designwerk.li\/it\/wp-json\/wp\/v2\/pages\/40164","targetHints":{"allow":["GET"]}}],"collection":[{"href":"https:\/\/designwerk.li\/it\/wp-json\/wp\/v2\/pages"}],"about":[{"href":"https:\/\/designwerk.li\/it\/wp-json\/wp\/v2\/types\/page"}],"author":[{"embeddable":true,"href":"https:\/\/designwerk.li\/it\/wp-json\/wp\/v2\/users\/3"}],"replies":[{"embeddable":true,"href":"https:\/\/designwerk.li\/it\/wp-json\/wp\/v2\/comments?post=40164"}],"version-history":[{"count":1,"href":"https:\/\/designwerk.li\/it\/wp-json\/wp\/v2\/pages\/40164\/revisions"}],"predecessor-version":[{"id":40165,"href":"https:\/\/designwerk.li\/it\/wp-json\/wp\/v2\/pages\/40164\/revisions\/40165"}],"wp:attachment":[{"href":"https:\/\/designwerk.li\/it\/wp-json\/wp\/v2\/media?parent=40164"}],"curies":[{"name":"wp","href":"https:\/\/api.w.org\/{rel}","templated":true}]}}