{"id":41366,"date":"2021-09-21T08:44:41","date_gmt":"2021-09-21T06:44:41","guid":{"rendered":"https:\/\/designwerk.li\/technische-dokumentation\/"},"modified":"2025-05-14T13:45:04","modified_gmt":"2025-05-14T11:45:04","slug":"documentations-techniques","status":"publish","type":"page","link":"https:\/\/designwerk.li\/fr\/documentations-techniques\/","title":{"rendered":"Documentations techniques"},"content":{"rendered":"<div class=\"wpb-content-wrapper\"><p>[vc_row][vc_column][vc_column_text css=\u00a0\u00bb\u00a0\u00bb]<\/p>\n<h1>Documentations techniques.<\/h1>\n<p>Les documentations techniques, les modes d&#8217;emploi et autres informations destin\u00e9es aux utilisateurs remplissent la fonction centrale de garantir la s\u00e9curit\u00e9 de nos produits.<\/p>\n<p>&nbsp;<\/p>\n<p>&nbsp;<\/p>\n<h2>R\u00e9glage \u00e9lectrique de la profondeur d&rsquo;assise<\/h2>\n<p>T\u00e9l\u00e9chargement:[\/vc_column_text][\/vc_column][\/vc_row][vc_row][vc_column][vc_empty_space height=\u00a0\u00bb15px\u00a0\u00bb][\/vc_column][\/vc_row][vc_row][vc_column width=\u00a0\u00bb1\/4&Prime;]<a itemprop=\"url\" href=\"https:\/\/designwerk.li\/wp-content\/uploads\/2021\/09\/Original-Betriebsanleitung-DE-Polstermoebel-mit-elektrischer-Sitztiefenverstellung-SVE.pdf\" target=\"_blank\" style=\"margin: 0px 0px 30px 0px\" class=\"qodef-btn qodef-btn-medium qodef-btn-solid qodef-btn-icon\"  >\n    <span class=\"qodef-btn-text\">Deutsch (DE)<\/span>\n    <i class=\"qodef-icon-font-awesome fa fa-file-pdf \" ><\/i><\/a>[\/vc_column][vc_column width=\u00a0\u00bb1\/4&Prime;]<a itemprop=\"url\" href=\"https:\/\/designwerk.li\/wp-content\/uploads\/2021\/09\/Translation-of-the-original-operating-instructions-EN-SVE-20200922.pdf\" target=\"_blank\" style=\"margin: 0px 0px 30px 0px\" class=\"qodef-btn qodef-btn-medium qodef-btn-solid qodef-btn-icon\"  >\n    <span class=\"qodef-btn-text\">English (EN)<\/span>\n    <i class=\"qodef-icon-font-awesome fa fa-file-pdf \" ><\/i><\/a>[\/vc_column][vc_column width=\u00a0\u00bb1\/4&Prime;]<a itemprop=\"url\" href=\"https:\/\/designwerk.li\/wp-content\/uploads\/2021\/09\/Preklad-puvodniho-navodu-k-obsluze-CS-SVE-20200922.pdf\" target=\"_blank\" style=\"margin: 0px 0px 30px 0px\" class=\"qodef-btn qodef-btn-medium qodef-btn-solid qodef-btn-icon\"  >\n    <span class=\"qodef-btn-text\">\u010cesky (CZ)<\/span>\n    <i class=\"qodef-icon-font-awesome fa fa-file-pdf \" ><\/i><\/a>[\/vc_column][vc_column width=\u00a0\u00bb1\/4&Prime;]<a itemprop=\"url\" href=\"https:\/\/designwerk.li\/wp-content\/uploads\/2021\/09\/Preklad-povodneho-navodu-na-obsluhu-SK-SVE-20200922.pdf\" target=\"_blank\" style=\"margin: 0px 0px 30px 0px\" class=\"qodef-btn qodef-btn-medium qodef-btn-solid qodef-btn-icon\"  >\n    <span class=\"qodef-btn-text\">Slovensk\u00fd (SK)<\/span>\n    <i class=\"qodef-icon-font-awesome fa fa-file-pdf \" ><\/i><\/a>[\/vc_column][\/vc_row][vc_row][vc_column width=\u00a0\u00bb1\/4&Prime;]<a itemprop=\"url\" href=\"https:\/\/designwerk.li\/wp-content\/uploads\/2021\/09\/Az-eredeti-uezemeltetesi-utasitas-forditasa-HU-SVE-20200922.pdf\" target=\"_blank\" style=\"margin: 0px 0px 30px 0px\" class=\"qodef-btn qodef-btn-medium qodef-btn-solid qodef-btn-icon\"  >\n    <span class=\"qodef-btn-text\">Magyar (HU)<\/span>\n    <i class=\"qodef-icon-font-awesome fa fa-file-pdf \" ><\/i><\/a>[\/vc_column][vc_column width=\u00a0\u00bb1\/4&Prime;]<a itemprop=\"url\" href=\"https:\/\/designwerk.li\/wp-content\/uploads\/2021\/09\/\u041e\u0440\u0438\u0433\u0438\u043d\u0430\u043b\u043d\u0438-\u0438\u043d\u0441\u0442\u0440\u0443\u043a\u0446\u0438\u0438-\u0437\u0430-\u0440\u0430\u0431\u043e\u0442\u0430-BG-SVE-20200922.pdf\" target=\"_blank\" style=\"margin: 0px 0px 30px 0px\" class=\"qodef-btn qodef-btn-medium qodef-btn-solid qodef-btn-icon\"  >\n    <span class=\"qodef-btn-text\">\u0431\u044a\u043b\u0433\u0430\u0440\u0441\u043a\u0438 (BG)<\/span>\n    <i class=\"qodef-icon-font-awesome fa fa-file-pdf \" ><\/i><\/a>[\/vc_column][vc_column width=\u00a0\u00bb1\/4&Prime;]<a itemprop=\"url\" href=\"https:\/\/designwerk.li\/wp-content\/uploads\/2021\/09\/Vertaling-van-de-originele-gebruiksaanwijzing-NL-SVE-20200922.pdf\" target=\"_blank\" style=\"margin: 0px 0px 30px 0px\" class=\"qodef-btn qodef-btn-medium qodef-btn-solid qodef-btn-icon\"  >\n    <span class=\"qodef-btn-text\">Nederlands (NL)<\/span>\n    <i class=\"qodef-icon-font-awesome fa fa-file-pdf \" ><\/i><\/a>[\/vc_column][vc_column width=\u00a0\u00bb1\/4&Prime;]<a itemprop=\"url\" href=\"https:\/\/designwerk.li\/wp-content\/uploads\/2021\/09\/Traduzione-delle-istruzioni-originali-IT-SVE-20200922.pdf\" target=\"_blank\" style=\"margin: 0px 0px 30px 0px\" class=\"qodef-btn qodef-btn-medium qodef-btn-solid qodef-btn-icon\"  >\n    <span class=\"qodef-btn-text\">Italiano (IT)<\/span>\n    <i class=\"qodef-icon-font-awesome fa fa-file-pdf \" ><\/i><\/a>[\/vc_column][\/vc_row][vc_row][vc_column width=\u00a0\u00bb1\/4&Prime;]<a itemprop=\"url\" href=\"https:\/\/designwerk.li\/wp-content\/uploads\/2021\/09\/Traduction-des-instructions-originales-FR-SVE-20200922.pdf\" target=\"_blank\" style=\"margin: 0px 0px 30px 0px\" class=\"qodef-btn qodef-btn-medium qodef-btn-solid qodef-btn-icon\"  >\n    <span class=\"qodef-btn-text\">Fran\u00e7ais (FR)<\/span>\n    <i class=\"qodef-icon-font-awesome fa fa-file-pdf \" ><\/i><\/a>[\/vc_column][vc_column width=\u00a0\u00bb1\/4&Prime;]<a itemprop=\"url\" href=\"https:\/\/designwerk.li\/wp-content\/uploads\/2021\/09\/Traducerea-instructiunilor-de-functionare-originale-RO-SVE-20200922.pdf\" target=\"_blank\" style=\"margin: 0px 0px 30px 0px\" class=\"qodef-btn qodef-btn-medium qodef-btn-solid qodef-btn-icon\"  >\n    <span class=\"qodef-btn-text\">Rom\u00e2n\u0103 (RO)<\/span>\n    <i class=\"qodef-icon-font-awesome fa fa-file-pdf \" ><\/i><\/a>[\/vc_column][vc_column width=\u00a0\u00bb1\/4&Prime;]<a itemprop=\"url\" href=\"https:\/\/designwerk.li\/wp-content\/uploads\/2021\/09\/Tlumaczenie-oryginalnej-instrukcji-obslugi-PL-SVE-20200922.pdf\" target=\"_blank\" style=\"margin: 0px 0px 30px 0px\" class=\"qodef-btn qodef-btn-medium qodef-btn-solid qodef-btn-icon\"  >\n    <span class=\"qodef-btn-text\">Polskie (PL)<\/span>\n    <i class=\"qodef-icon-font-awesome fa fa-file-pdf \" ><\/i><\/a>[\/vc_column][vc_column width=\u00a0\u00bb1\/4&Prime;]<a itemprop=\"url\" href=\"https:\/\/designwerk.li\/wp-content\/uploads\/2021\/09\/Prevod-originalnih-navodil-za-uporabo-SL-SVE-20200922.pdf\" target=\"_blank\" style=\"margin: 0px 0px 30px 0px\" class=\"qodef-btn qodef-btn-medium qodef-btn-solid qodef-btn-icon\"  >\n    <span class=\"qodef-btn-text\">Sloven\u0161\u010dina (SL)<\/span>\n    <i class=\"qodef-icon-font-awesome fa fa-file-pdf \" ><\/i><\/a>[\/vc_column][\/vc_row][vc_row][vc_column][vc_empty_space height=\u00a0\u00bb50px\u00a0\u00bb][\/vc_column][\/vc_row][vc_row][vc_column][vc_column_text css=\u00a0\u00bb\u00a0\u00bb]<\/p>\n<h2>Instructions de maintenance et de s\u00e9curit\u00e9<\/h2>\n<p>T\u00e9l\u00e9chargement:[\/vc_column_text][\/vc_column][\/vc_row][vc_row][vc_column][vc_empty_space height=\u00a0\u00bb15px\u00a0\u00bb][\/vc_column][\/vc_row][vc_row][vc_column width=\u00a0\u00bb1\/4&Prime;]<a itemprop=\"url\" href=\"https:\/\/designwerk.li\/wp-content\/uploads\/2023\/05\/Maintenance-and-Safety-Instructions-Designwerk-I02-20.11.2024_02.pdf\" target=\"_blank\"  class=\"qodef-btn qodef-btn-medium qodef-btn-solid qodef-btn-icon\"  >\n    <span class=\"qodef-btn-text\">Canap\u00e9s<\/span>\n    <i class=\"qodef-icon-font-awesome fa fa-file-pdf \" ><\/i><\/a>[\/vc_column][vc_column width=\u00a0\u00bb1\/4&Prime;]<a itemprop=\"url\" href=\"https:\/\/designwerk.li\/wp-content\/uploads\/2024\/12\/Fluffy-Rocking-Chair_01-17.12.24.pdf\" target=\"_blank\"  class=\"qodef-btn qodef-btn-medium qodef-btn-solid qodef-btn-icon\"  >\n    <span class=\"qodef-btn-text\">Fluffy fauteuil \u00e0 bascule<\/span>\n    <i class=\"qodef-icon-font-awesome fa fa-file-pdf \" ><\/i><\/a>[\/vc_column][vc_column width=\u00a0\u00bb1\/4&Prime;]<a itemprop=\"url\" href=\"https:\/\/designwerk.li\/wp-content\/uploads\/2023\/05\/Maintenance-and-Safety-Instructions-Designwerk-AG-I01-06.12.2024.-DW02.pdf\" target=\"_blank\"  class=\"qodef-btn qodef-btn-medium qodef-btn-solid qodef-btn-icon\"  >\n    <span class=\"qodef-btn-text\">Lits<\/span>\n    <i class=\"qodef-icon-font-awesome fa fa-file-pdf \" ><\/i><\/a>[\/vc_column][vc_column width=\u00a0\u00bb1\/4&Prime;][\/vc_column][\/vc_row][vc_row][vc_column][vc_empty_space height=\u00a0\u00bb50px\u00a0\u00bb][\/vc_column][\/vc_row]<\/p>\n<\/div>","protected":false},"excerpt":{"rendered":"<p>[vc_row][vc_column][vc_column_text css=\u00a0\u00bb\u00a0\u00bb] Documentations techniques. Les documentations techniques, les modes d&#8217;emploi et autres informations destin\u00e9es aux utilisateurs remplissent la fonction centrale de garantir la s\u00e9curit\u00e9 de nos produits. &nbsp; &nbsp; R\u00e9glage \u00e9lectrique de la profondeur d&rsquo;assise T\u00e9l\u00e9chargement:[\/vc_column_text][\/vc_column][\/vc_row][vc_row][vc_column][vc_empty_space height=\u00a0\u00bb15px\u00a0\u00bb][\/vc_column][\/vc_row][vc_row][vc_column width=\u00a0\u00bb1\/4&Prime;][\/vc_column][vc_column width=\u00a0\u00bb1\/4&Prime;][\/vc_column][vc_column width=\u00a0\u00bb1\/4&Prime;][\/vc_column][vc_column [&hellip;]<\/p>\n","protected":false},"author":3,"featured_media":0,"parent":0,"menu_order":0,"comment_status":"closed","ping_status":"closed","template":"","meta":{"_acf_changed":false,"footnotes":""},"class_list":["post-41366","page","type-page","status-publish","hentry"],"acf":[],"_links":{"self":[{"href":"https:\/\/designwerk.li\/fr\/wp-json\/wp\/v2\/pages\/41366","targetHints":{"allow":["GET"]}}],"collection":[{"href":"https:\/\/designwerk.li\/fr\/wp-json\/wp\/v2\/pages"}],"about":[{"href":"https:\/\/designwerk.li\/fr\/wp-json\/wp\/v2\/types\/page"}],"author":[{"embeddable":true,"href":"https:\/\/designwerk.li\/fr\/wp-json\/wp\/v2\/users\/3"}],"replies":[{"embeddable":true,"href":"https:\/\/designwerk.li\/fr\/wp-json\/wp\/v2\/comments?post=41366"}],"version-history":[{"count":2,"href":"https:\/\/designwerk.li\/fr\/wp-json\/wp\/v2\/pages\/41366\/revisions"}],"predecessor-version":[{"id":41371,"href":"https:\/\/designwerk.li\/fr\/wp-json\/wp\/v2\/pages\/41366\/revisions\/41371"}],"wp:attachment":[{"href":"https:\/\/designwerk.li\/fr\/wp-json\/wp\/v2\/media?parent=41366"}],"curies":[{"name":"wp","href":"https:\/\/api.w.org\/{rel}","templated":true}]}}