{"id":41364,"date":"2023-03-01T14:20:29","date_gmt":"2023-03-01T13:20:29","guid":{"rendered":"https:\/\/designwerk.li\/datenschutz\/"},"modified":"2025-09-23T11:26:47","modified_gmt":"2025-09-23T09:26:47","slug":"protection-des-donnees","status":"publish","type":"page","link":"https:\/\/designwerk.li\/fr\/protection-des-donnees\/","title":{"rendered":"Protection des donn\u00e9es"},"content":{"rendered":"<div class=\"wpb-content-wrapper\"><p>[vc_row][vc_column][vc_column_text css=\u00a0\u00bb\u00a0\u00bb]<\/p>\n<h1>Protection des donn\u00e9es<\/h1>\n<p>Le responsable au sens du RGPD est la soci\u00e9t\u00e9 designwerk AG, Industriestrasse 4, LI-9487 Bendern, <a href=\"mailto:info@designwerk.li\">info@designwerk.li<\/a>, T + 423 370 10 26[\/vc_column_text][\/vc_column][\/vc_row][vc_row][vc_column][vc_empty_space][\/vc_column][\/vc_row][vc_row][vc_column]<div class=\"qodef-elements-holder   qodef-one-column  qodef-responsive-mode-768 \" ><div class=\"qodef-eh-item    \"  data-item-class=\"qodef-eh-custom-1374\">\n\t<div class=\"qodef-eh-item-inner\">\n\t\t<div class=\"qodef-eh-item-content qodef-eh-custom-1374\" >\n\t\t\t<a itemprop=\"url\" href=\"https:\/\/designwerk.li\/wp-content\/uploads\/2025\/09\/dse_dw_Webseitenbesucher_08-2023_FR.pdf\" target=\"_blank\"  class=\"qodef-btn qodef-btn-medium qodef-btn-simple qodef-btn-icon\"  >\n    <span class=\"qodef-btn-text\">D\u00e9claration de confidentialit\u00e9 pour les visiteurs du site web<\/span>\n    <i class=\"qodef-icon-font-awesome fa fa-file-pdf \" ><\/i><\/a>\t\t<\/div>\n\t<\/div>\n<\/div><\/div>[\/vc_column][\/vc_row][vc_row disable_element=\u00a0\u00bbyes\u00a0\u00bb][vc_column]<div class=\"qodef-elements-holder   qodef-one-column  qodef-responsive-mode-768 \" ><div class=\"qodef-eh-item    \"  data-item-class=\"qodef-eh-custom-5262\">\n\t<div class=\"qodef-eh-item-inner\">\n\t\t<div class=\"qodef-eh-item-content qodef-eh-custom-5262\" >\n\t\t\t<a itemprop=\"url\" href=\"https:\/\/designwerk.li\/wp-content\/uploads\/2023\/03\/dse_dw_Stellenbewerber_03-2023.pdf\" target=\"_blank\"  class=\"qodef-btn qodef-btn-medium qodef-btn-simple qodef-btn-icon\"  >\n    <span class=\"qodef-btn-text\">Datenschutzerkl\u00e4rung f\u00fcr Stellenbewerber<\/span>\n    <i class=\"qodef-icon-font-awesome fa fa-file-pdf \" ><\/i><\/a>\t\t<\/div>\n\t<\/div>\n<\/div><\/div>[\/vc_column][\/vc_row][vc_row disable_element=\u00a0\u00bbyes\u00a0\u00bb][vc_column]<div class=\"qodef-elements-holder   qodef-one-column  qodef-responsive-mode-768 \" ><div class=\"qodef-eh-item    \"  data-item-class=\"qodef-eh-custom-6455\">\n\t<div class=\"qodef-eh-item-inner\">\n\t\t<div class=\"qodef-eh-item-content qodef-eh-custom-6455\" >\n\t\t\t<a itemprop=\"url\" href=\"https:\/\/designwerk.li\/wp-content\/uploads\/2023\/03\/dse_dw_Kunden_03-2023.pdf\" target=\"_blank\"  class=\"qodef-btn qodef-btn-medium qodef-btn-simple qodef-btn-icon\"  >\n    <span class=\"qodef-btn-text\">Datenschutzerkl\u00e4rung f\u00fcr Kunden<\/span>\n    <i class=\"qodef-icon-font-awesome fa fa-file-pdf \" ><\/i><\/a>\t\t<\/div>\n\t<\/div>\n<\/div><\/div>[\/vc_column][\/vc_row][vc_row disable_element=\u00a0\u00bbyes\u00a0\u00bb][vc_column]<div class=\"qodef-elements-holder   qodef-one-column  qodef-responsive-mode-768 \" ><div class=\"qodef-eh-item    \"  data-item-class=\"qodef-eh-custom-3272\">\n\t<div class=\"qodef-eh-item-inner\">\n\t\t<div class=\"qodef-eh-item-content qodef-eh-custom-3272\" >\n\t\t\t<a itemprop=\"url\" href=\"https:\/\/designwerk.li\/wp-content\/uploads\/2023\/03\/dse_dw_Endkunden_03-2023.pdf\" target=\"_blank\"  class=\"qodef-btn qodef-btn-medium qodef-btn-simple qodef-btn-icon\"  >\n    <span class=\"qodef-btn-text\">Datenschutzerkl\u00e4rung f\u00fcr Endkunden<\/span>\n    <i class=\"qodef-icon-font-awesome fa fa-file-pdf \" ><\/i><\/a>\t\t<\/div>\n\t<\/div>\n<\/div><\/div>[\/vc_column][\/vc_row][vc_row disable_element=\u00a0\u00bbyes\u00a0\u00bb][vc_column]<div class=\"qodef-elements-holder   qodef-one-column  qodef-responsive-mode-768 \" ><div class=\"qodef-eh-item    \"  data-item-class=\"qodef-eh-custom-6736\">\n\t<div class=\"qodef-eh-item-inner\">\n\t\t<div class=\"qodef-eh-item-content qodef-eh-custom-6736\" >\n\t\t\t<a itemprop=\"url\" href=\"https:\/\/designwerk.li\/wp-content\/uploads\/2023\/03\/dse_dw_Lieferanten_03-2023.pdf\" target=\"_blank\"  class=\"qodef-btn qodef-btn-medium qodef-btn-simple qodef-btn-icon\"  >\n    <span class=\"qodef-btn-text\">Datenschutzerkl\u00e4rung f\u00fcr Lieferanten<\/span>\n    <i class=\"qodef-icon-font-awesome fa fa-file-pdf \" ><\/i><\/a>\t\t<\/div>\n\t<\/div>\n<\/div><\/div>[\/vc_column][\/vc_row][vc_row disable_element=\u00a0\u00bbyes\u00a0\u00bb][vc_column]<div class=\"qodef-elements-holder   qodef-one-column  qodef-responsive-mode-768 \" ><div class=\"qodef-eh-item    \"  data-item-class=\"qodef-eh-custom-1949\">\n\t<div class=\"qodef-eh-item-inner\">\n\t\t<div class=\"qodef-eh-item-content qodef-eh-custom-1949\" >\n\t\t\t<a itemprop=\"url\" href=\"https:\/\/designwerk.li\/wp-content\/uploads\/2023\/03\/dse_dw_Dienstleister_03-2023.pdf\" target=\"_blank\"  class=\"qodef-btn qodef-btn-medium qodef-btn-simple qodef-btn-icon\"  >\n    <span class=\"qodef-btn-text\">Datenschutzerkl\u00e4rung f\u00fcr Dienstleister<\/span>\n    <i class=\"qodef-icon-font-awesome fa fa-file-pdf \" ><\/i><\/a>\t\t<\/div>\n\t<\/div>\n<\/div><\/div>[\/vc_column][\/vc_row]<\/p>\n<\/div>","protected":false},"excerpt":{"rendered":"<p>[vc_row][vc_column][vc_column_text css=\u00a0\u00bb\u00a0\u00bb] Protection des donn\u00e9es Le responsable au sens du RGPD est la soci\u00e9t\u00e9 designwerk AG, Industriestrasse 4, LI-9487 Bendern, info@designwerk.li, T + 423 370 10 26[\/vc_column_text][\/vc_column][\/vc_row][vc_row][vc_column][vc_empty_space][\/vc_column][\/vc_row][vc_row][vc_column][\/vc_column][\/vc_row][vc_row disable_element=\u00a0\u00bbyes\u00a0\u00bb][vc_column][\/vc_column][\/vc_row][vc_row disable_element=\u00a0\u00bbyes\u00a0\u00bb][vc_column][\/vc_column][\/vc_row][vc_row disable_element=\u00a0\u00bbyes\u00a0\u00bb][vc_column][\/vc_column][\/vc_row][vc_row disable_element=\u00a0\u00bbyes\u00a0\u00bb][vc_column][\/vc_column][\/vc_row][vc_row disable_element=\u00a0\u00bbyes\u00a0\u00bb][vc_column][\/vc_column][\/vc_row]<\/p>\n","protected":false},"author":3,"featured_media":0,"parent":0,"menu_order":0,"comment_status":"closed","ping_status":"closed","template":"","meta":{"_acf_changed":false,"footnotes":""},"class_list":["post-41364","page","type-page","status-publish","hentry"],"acf":[],"_links":{"self":[{"href":"https:\/\/designwerk.li\/fr\/wp-json\/wp\/v2\/pages\/41364","targetHints":{"allow":["GET"]}}],"collection":[{"href":"https:\/\/designwerk.li\/fr\/wp-json\/wp\/v2\/pages"}],"about":[{"href":"https:\/\/designwerk.li\/fr\/wp-json\/wp\/v2\/types\/page"}],"author":[{"embeddable":true,"href":"https:\/\/designwerk.li\/fr\/wp-json\/wp\/v2\/users\/3"}],"replies":[{"embeddable":true,"href":"https:\/\/designwerk.li\/fr\/wp-json\/wp\/v2\/comments?post=41364"}],"version-history":[{"count":4,"href":"https:\/\/designwerk.li\/fr\/wp-json\/wp\/v2\/pages\/41364\/revisions"}],"predecessor-version":[{"id":41929,"href":"https:\/\/designwerk.li\/fr\/wp-json\/wp\/v2\/pages\/41364\/revisions\/41929"}],"wp:attachment":[{"href":"https:\/\/designwerk.li\/fr\/wp-json\/wp\/v2\/media?parent=41364"}],"curies":[{"name":"wp","href":"https:\/\/api.w.org\/{rel}","templated":true}]}}