{"id":41362,"date":"2019-12-19T09:39:44","date_gmt":"2019-12-19T08:39:44","guid":{"rendered":"https:\/\/designwerk.li\/impressum\/"},"modified":"2025-09-03T14:20:39","modified_gmt":"2025-09-03T12:20:39","slug":"mentions-legales","status":"publish","type":"page","link":"https:\/\/designwerk.li\/fr\/mentions-legales\/","title":{"rendered":"Mentions l\u00e9gales"},"content":{"rendered":"<div class=\"wpb-content-wrapper\"><p>[vc_row][vc_column][vc_column_text css=\u00a0\u00bb\u00a0\u00bb]<\/p>\n<h1>Mentions l\u00e9gales<\/h1>\n<p><strong>designwerk AG<br \/>\n<\/strong>Industriestrasse 4<br \/>\n9487 Bendern<br \/>\nLiechtenstein<br \/>\nt\u00e9l\u00e9phone: +423 370 10 26<br \/>\n<a href=\"mailto:info@designwerk.li\">info@designwerk.li<\/a><\/p>\n<p>Directeur g\u00e9n\u00e9ral: Patrick Poltera<\/p>\n<h2>Num\u00e9ro d&rsquo;enregistrement au registre du commerce FL<\/h2>\n<p>FL-000.2.601.315-9<\/p>\n<h2>Autorit\u00e9 de surveillance<\/h2>\n<p>Office de l&rsquo;\u00e9conomie nationale, Vaduz<\/p>\n<h2>Num\u00e9ro de TVA<\/h2>\n<p>60 848<\/p>\n<h2>Num\u00e9ro d&rsquo;identification \u00e0 la TVA<\/h2>\n<p>CHE-472.923.880<\/p>\n<h2>WEEE-num\u00e9ro d&rsquo;enregistrement<\/h2>\n<p>DE33632164<br \/>\n<a href=\"https:\/\/www.bmuv.de\/themen\/wasser-ressourcen-abfall\/kreislaufwirtschaft\/statistiken\/elektro-und-elektronikaltgeraete\" target=\"_blank\" rel=\"noopener\">Obligations d\u2019information selon \u00a718 Abs. 2 Elektro- und Elektronikger\u00e4tegesetz<\/a><\/p>\n<h2>Contenu<\/h2>\n<p>\u00a9Copyright designwerk ag, Bendern[\/vc_column_text][vc_empty_space height=\u00a0\u00bb50px\u00a0\u00bb][\/vc_column][\/vc_row][vc_row][vc_column][vc_column_text css=\u00a0\u00bb\u00a0\u00bb]<\/p>\n<h1>Clause de non-responsabilit\u00e9<\/h1>\n<p>Ceci est le site web de designwerk ag (ci-apr\u00e8s d\u00e9nomm\u00e9 \u00ab exploitant du site web \u00bb). Les informations suivantes s&rsquo;appliquent \u00e0 toutes les pages et sous-pages de ce site web. Les personnes qui acc\u00e8dent \u00e0 ces pages web et consultent des informations acceptent les conditions suivantes :<\/p>\n<h2>Utilisation<\/h2>\n<p>L&rsquo;exploitant du site web met tout en \u0153uvre pour garantir le bon fonctionnement du site web. Toutefois, des d\u00e9fauts tels que la perte ou la falsification de donn\u00e9es, les virus, les interruptions de service, etc. ne peuvent \u00eatre exclus. L&rsquo;acc\u00e8s aux pages web se fait donc \u00e0 vos propres risques et sous votre propre responsabilit\u00e9.<\/p>\n<h2>Exclusion de responsabilit\u00e9<\/h2>\n<p>L&rsquo;exploitant du site web d\u00e9cline toute responsabilit\u00e9 pour les dommages ou dommages cons\u00e9cutifs r\u00e9sultant de l&rsquo;acc\u00e8s \u00e0 son site web ou \u00e0 certaines parties de celui-ci (telles que les documents t\u00e9l\u00e9charg\u00e9s), de leur utilisation (ou de l&rsquo;impossibilit\u00e9 d&rsquo;y acc\u00e9der ou de les utiliser) ou des liens vers d&rsquo;autres sites web.<\/p>\n<h2>Exclusion de garantie<\/h2>\n<p>L&rsquo;exploitant du site web n&rsquo;assume aucune responsabilit\u00e9 quant \u00e0 l&rsquo;actualit\u00e9, l&rsquo;exactitude, l&rsquo;exhaustivit\u00e9 ou la qualit\u00e9 des informations fournies. Toute revendication de responsabilit\u00e9 \u00e0 l&rsquo;encontre de l&rsquo;exploitant du site web concernant des dommages mat\u00e9riels ou immat\u00e9riels caus\u00e9s par l&rsquo;utilisation des informations fournies est exclue. L&rsquo;exploitant du site web se r\u00e9serve express\u00e9ment le droit de modifier, compl\u00e9ter ou supprimer tout ou partie des pages sans pr\u00e9avis.<\/p>\n<h2>Sites web li\u00e9s (liens)<\/h2>\n<p>Les pages web contiennent en partie des liens vers des sites web de tiers. L&rsquo;exploitant du site web n&rsquo;assume aucune responsabilit\u00e9 quant \u00e0 leur contenu, aux produits, services ou autres offres qui y sont propos\u00e9s, ni quant au respect des dispositions en mati\u00e8re de protection des donn\u00e9es. L&rsquo;activation d&rsquo;un lien se fait sous votre propre responsabilit\u00e9.<\/p>\n<h2>Protection des donn\u00e9es<\/h2>\n<p>Nous utilisons les donn\u00e9es que vous nous envoyez exclusivement pour r\u00e9pondre \u00e0 vos demandes, am\u00e9liorer notre site web ou communiquer avec vous. Toutes les informations automatiques que nous recevons et enregistrons sont \u00e9valu\u00e9es exclusivement \u00e0 des fins internes. Nous ne vous demandons aucune information personnelle pour effectuer un t\u00e9l\u00e9chargement. Nous nous engageons \u00e0 ne transmettre les donn\u00e9es qui nous sont communiqu\u00e9es \u00e0 des tiers que si cela est conforme \u00e0 la loi sur la protection des donn\u00e9es.[\/vc_column_text][vc_empty_space height=\u00a0\u00bb50px\u00a0\u00bb][\/vc_column][\/vc_row]<\/p>\n<\/div>","protected":false},"excerpt":{"rendered":"<p>[vc_row][vc_column][vc_column_text css=\u00a0\u00bb\u00a0\u00bb] Mentions l\u00e9gales designwerk AG Industriestrasse 4 9487 Bendern Liechtenstein t\u00e9l\u00e9phone: +423 370 10 26 info@designwerk.li Directeur g\u00e9n\u00e9ral: Patrick Poltera Num\u00e9ro d&rsquo;enregistrement au registre du commerce FL FL-000.2.601.315-9 Autorit\u00e9 de surveillance Office de l&rsquo;\u00e9conomie nationale, Vaduz Num\u00e9ro de TVA [&hellip;]<\/p>\n","protected":false},"author":3,"featured_media":0,"parent":0,"menu_order":0,"comment_status":"closed","ping_status":"closed","template":"","meta":{"_acf_changed":false,"footnotes":""},"class_list":["post-41362","page","type-page","status-publish","hentry"],"acf":[],"_links":{"self":[{"href":"https:\/\/designwerk.li\/fr\/wp-json\/wp\/v2\/pages\/41362","targetHints":{"allow":["GET"]}}],"collection":[{"href":"https:\/\/designwerk.li\/fr\/wp-json\/wp\/v2\/pages"}],"about":[{"href":"https:\/\/designwerk.li\/fr\/wp-json\/wp\/v2\/types\/page"}],"author":[{"embeddable":true,"href":"https:\/\/designwerk.li\/fr\/wp-json\/wp\/v2\/users\/3"}],"replies":[{"embeddable":true,"href":"https:\/\/designwerk.li\/fr\/wp-json\/wp\/v2\/comments?post=41362"}],"version-history":[{"count":3,"href":"https:\/\/designwerk.li\/fr\/wp-json\/wp\/v2\/pages\/41362\/revisions"}],"predecessor-version":[{"id":41889,"href":"https:\/\/designwerk.li\/fr\/wp-json\/wp\/v2\/pages\/41362\/revisions\/41889"}],"wp:attachment":[{"href":"https:\/\/designwerk.li\/fr\/wp-json\/wp\/v2\/media?parent=41362"}],"curies":[{"name":"wp","href":"https:\/\/api.w.org\/{rel}","templated":true}]}}