{"id":41360,"date":"2024-02-20T15:37:40","date_gmt":"2024-02-20T14:37:40","guid":{"rendered":"https:\/\/designwerk.li\/compliance\/"},"modified":"2025-09-03T15:06:13","modified_gmt":"2025-09-03T13:06:13","slug":"conformite","status":"publish","type":"page","link":"https:\/\/designwerk.li\/fr\/conformite\/","title":{"rendered":"Conformit\u00e9"},"content":{"rendered":"<div class=\"wpb-content-wrapper\"><p>[vc_row][vc_column][vc_column_text css=\u00a0\u00bb\u00a0\u00bb]<\/p>\n<h1>Code de conduite de designwerk AG<\/h1>\n<p>Nous exigeons de nos collaborateurs et partenaires, tels que nos fournisseurs et prestataires de services, un comportement conforme \u00e0 la loi, \u00e9cologique et socialement responsable. Tous les collaborateurs et partenaires sont donc tenus de respecter les lois en vigueur et le pr\u00e9sent code de conduite dans le cadre de leurs activit\u00e9s pour designwerk et ses entreprises affili\u00e9es.[\/vc_column_text][\/vc_column][\/vc_row][vc_row][vc_column][vc_empty_space][\/vc_column][\/vc_row][vc_row][vc_column]<div class=\"qodef-elements-holder   qodef-one-column  qodef-responsive-mode-768 \" ><div class=\"qodef-eh-item    \"  data-item-class=\"qodef-eh-custom-9439\">\n\t<div class=\"qodef-eh-item-inner\">\n\t\t<div class=\"qodef-eh-item-content qodef-eh-custom-9439\" >\n\t\t\t<a itemprop=\"url\" href=\"https:\/\/designwerk.li\/wp-content\/uploads\/2024\/02\/Code-of-Conduct_designwerk_D.pdf\" target=\"_blank\"  class=\"qodef-btn qodef-btn-medium qodef-btn-simple qodef-btn-icon\"  >\n    <span class=\"qodef-btn-text\">COC designwerk AG (DE)<\/span>\n    <i class=\"qodef-icon-font-awesome fa fa-file-pdf \" ><\/i><\/a>\t\t<\/div>\n\t<\/div>\n<\/div><\/div><div class=\"qodef-elements-holder   qodef-one-column  qodef-responsive-mode-768 \" ><div class=\"qodef-eh-item    \"  data-item-class=\"qodef-eh-custom-8416\">\n\t<div class=\"qodef-eh-item-inner\">\n\t\t<div class=\"qodef-eh-item-content qodef-eh-custom-8416\" >\n\t\t\t<a itemprop=\"url\" href=\"https:\/\/designwerk.li\/wp-content\/uploads\/2024\/10\/Code-of-Conduct_designwerk_PL.pdf\" target=\"_blank\"  class=\"qodef-btn qodef-btn-medium qodef-btn-simple qodef-btn-icon\"  >\n    <span class=\"qodef-btn-text\">Kodeks Post\u0119powania designwerk (PL)<\/span>\n    <i class=\"qodef-icon-font-awesome fa fa-file-pdf \" ><\/i><\/a>\t\t<\/div>\n\t<\/div>\n<\/div><\/div><div class=\"qodef-elements-holder   qodef-one-column  qodef-responsive-mode-768 \" ><div class=\"qodef-eh-item    \"  data-item-class=\"qodef-eh-custom-8332\">\n\t<div class=\"qodef-eh-item-inner\">\n\t\t<div class=\"qodef-eh-item-content qodef-eh-custom-8332\" >\n\t\t\t<a itemprop=\"url\" href=\"https:\/\/designwerk.li\/wp-content\/uploads\/2024\/10\/Code-of-Conduct_designwerk_RO.pdf\" target=\"_blank\"  class=\"qodef-btn qodef-btn-medium qodef-btn-simple qodef-btn-icon\"  >\n    <span class=\"qodef-btn-text\">Cod de conduita designwerk (RO)<\/span>\n    <i class=\"qodef-icon-font-awesome fa fa-file-pdf \" ><\/i><\/a>\t\t<\/div>\n\t<\/div>\n<\/div><\/div><div class=\"qodef-elements-holder   qodef-one-column  qodef-responsive-mode-768 \" ><div class=\"qodef-eh-item    \"  data-item-class=\"qodef-eh-custom-5055\">\n\t<div class=\"qodef-eh-item-inner\">\n\t\t<div class=\"qodef-eh-item-content qodef-eh-custom-5055\" >\n\t\t\t<a itemprop=\"url\" href=\"https:\/\/designwerk.li\/wp-content\/uploads\/2024\/10\/Code-of-Conduct_designwerk_BIH.pdf\" target=\"_blank\"  class=\"qodef-btn qodef-btn-medium qodef-btn-simple qodef-btn-icon\"  >\n    <span class=\"qodef-btn-text\">Kodeks pona\u0161anja designwerk (BIH)<\/span>\n    <i class=\"qodef-icon-font-awesome fa fa-file-pdf \" ><\/i><\/a>\t\t<\/div>\n\t<\/div>\n<\/div><\/div>[\/vc_column][\/vc_row][vc_row][vc_column][vc_empty_space][\/vc_column][\/vc_row][vc_row][vc_column][vc_column_text css=\u00a0\u00bb\u00a0\u00bb]<\/p>\n<h1>Proc\u00e9dure de r\u00e9clamation<\/h1>\n<p>Il est extr\u00eamement important pour designwerk AG que le code de conduite soit respect\u00e9 tout au long de la cha\u00eene d&rsquo;approvisionnement.<\/p>\n<p>Un service de signalement confidentiel est disponible pour signaler toute violation du code de conduite (<a class=\"mail-link\" data-enc-email=\"juvfgyroybjre[at]pbggn.yv\" data-wpel-link=\"ignore\"><span id=\"eeb-874703-559477\">whistleblower@designwerk.li<\/span><\/a>).<\/p>\n<p>Toutes les informations fournies, y compris l&rsquo;identit\u00e9 du lanceur d&rsquo;alerte, sont trait\u00e9es de mani\u00e8re strictement confidentielle.<\/p>\n<p>Le syst\u00e8me de r\u00e9clamation concerne les signalements de comportements ill\u00e9gaux li\u00e9s aux risques en mati\u00e8re de droits humains et d&rsquo;environnement. Les r\u00e9clamations g\u00e9n\u00e9rales ainsi que les demandes relatives aux produits et \u00e0 la garantie ne sont pas trait\u00e9es.[\/vc_column_text][\/vc_column][\/vc_row][vc_row][vc_column][vc_empty_space][\/vc_column][\/vc_row][vc_row][vc_column]<div class=\"qodef-elements-holder   qodef-one-column  qodef-responsive-mode-768 \" ><div class=\"qodef-eh-item    \"  data-item-class=\"qodef-eh-custom-6309\">\n\t<div class=\"qodef-eh-item-inner\">\n\t\t<div class=\"qodef-eh-item-content qodef-eh-custom-6309\" >\n\t\t\t<a itemprop=\"url\" href=\"https:\/\/designwerk.li\/wp-content\/uploads\/2024\/10\/Beschwerdewesen_designwerk_PL.pdf\" target=\"_blank\"  class=\"qodef-btn qodef-btn-medium qodef-btn-simple qodef-btn-icon\"  >\n    <span class=\"qodef-btn-text\">System zg\u0142aszania nieprawid\u0142owo\u015bci (PL)<\/span>\n    <i class=\"qodef-icon-font-awesome fa fa-file-pdf \" ><\/i><\/a>\t\t<\/div>\n\t<\/div>\n<\/div><\/div><div class=\"qodef-elements-holder   qodef-one-column  qodef-responsive-mode-768 \" ><div class=\"qodef-eh-item    \"  data-item-class=\"qodef-eh-custom-9988\">\n\t<div class=\"qodef-eh-item-inner\">\n\t\t<div class=\"qodef-eh-item-content qodef-eh-custom-9988\" >\n\t\t\t<a itemprop=\"url\" href=\"https:\/\/designwerk.li\/wp-content\/uploads\/2024\/10\/Beschwerdewesen_designwerk_RO.pdf\" target=\"_blank\"  class=\"qodef-btn qodef-btn-medium qodef-btn-simple qodef-btn-icon\"  >\n    <span class=\"qodef-btn-text\">Sistemul de reclamatii (RO)<\/span>\n    <i class=\"qodef-icon-font-awesome fa fa-file-pdf \" ><\/i><\/a>\t\t<\/div>\n\t<\/div>\n<\/div><\/div><div class=\"qodef-elements-holder   qodef-one-column  qodef-responsive-mode-768 \" ><div class=\"qodef-eh-item    \"  data-item-class=\"qodef-eh-custom-8884\">\n\t<div class=\"qodef-eh-item-inner\">\n\t\t<div class=\"qodef-eh-item-content qodef-eh-custom-8884\" >\n\t\t\t<a itemprop=\"url\" href=\"https:\/\/designwerk.li\/wp-content\/uploads\/2024\/10\/Beschwerdewesen_designwerk_BIH.pdf\" target=\"_blank\"  class=\"qodef-btn qodef-btn-medium qodef-btn-simple qodef-btn-icon\"  >\n    <span class=\"qodef-btn-text\">Sistem reklamacija (BIH)<\/span>\n    <i class=\"qodef-icon-font-awesome fa fa-file-pdf \" ><\/i><\/a>\t\t<\/div>\n\t<\/div>\n<\/div><\/div>[\/vc_column][\/vc_row][vc_row disable_element=\u00a0\u00bbyes\u00a0\u00bb][vc_column]<div class=\"qodef-elements-holder   qodef-one-column  qodef-responsive-mode-768 \" ><div class=\"qodef-eh-item    \"  data-item-class=\"qodef-eh-custom-4145\">\n\t<div class=\"qodef-eh-item-inner\">\n\t\t<div class=\"qodef-eh-item-content qodef-eh-custom-4145\" >\n\t\t\t<a itemprop=\"url\" href=\"https:\/\/designwerk.li\/wp-content\/uploads\/2023\/03\/dse_dw_Kunden_03-2023.pdf\" target=\"_blank\"  class=\"qodef-btn qodef-btn-medium qodef-btn-simple qodef-btn-icon\"  >\n    <span class=\"qodef-btn-text\">Datenschutzerkl\u00e4rung f\u00fcr Kunden<\/span>\n    <i class=\"qodef-icon-font-awesome fa fa-file-pdf \" ><\/i><\/a>\t\t<\/div>\n\t<\/div>\n<\/div><\/div>[\/vc_column][\/vc_row][vc_row disable_element=\u00a0\u00bbyes\u00a0\u00bb][vc_column]<div class=\"qodef-elements-holder   qodef-one-column  qodef-responsive-mode-768 \" ><div class=\"qodef-eh-item    \"  data-item-class=\"qodef-eh-custom-4847\">\n\t<div class=\"qodef-eh-item-inner\">\n\t\t<div class=\"qodef-eh-item-content qodef-eh-custom-4847\" >\n\t\t\t<a itemprop=\"url\" href=\"https:\/\/designwerk.li\/wp-content\/uploads\/2023\/03\/dse_dw_Endkunden_03-2023.pdf\" target=\"_blank\"  class=\"qodef-btn qodef-btn-medium qodef-btn-simple qodef-btn-icon\"  >\n    <span class=\"qodef-btn-text\">Datenschutzerkl\u00e4rung f\u00fcr Endkunden<\/span>\n    <i class=\"qodef-icon-font-awesome fa fa-file-pdf \" ><\/i><\/a>\t\t<\/div>\n\t<\/div>\n<\/div><\/div>[\/vc_column][\/vc_row][vc_row disable_element=\u00a0\u00bbyes\u00a0\u00bb][vc_column]<div class=\"qodef-elements-holder   qodef-one-column  qodef-responsive-mode-768 \" ><div class=\"qodef-eh-item    \"  data-item-class=\"qodef-eh-custom-6366\">\n\t<div class=\"qodef-eh-item-inner\">\n\t\t<div class=\"qodef-eh-item-content qodef-eh-custom-6366\" >\n\t\t\t<a itemprop=\"url\" href=\"https:\/\/designwerk.li\/wp-content\/uploads\/2023\/03\/dse_dw_Lieferanten_03-2023.pdf\" target=\"_blank\"  class=\"qodef-btn qodef-btn-medium qodef-btn-simple qodef-btn-icon\"  >\n    <span class=\"qodef-btn-text\">Datenschutzerkl\u00e4rung f\u00fcr Lieferanten<\/span>\n    <i class=\"qodef-icon-font-awesome fa fa-file-pdf \" ><\/i><\/a>\t\t<\/div>\n\t<\/div>\n<\/div><\/div>[\/vc_column][\/vc_row][vc_row disable_element=\u00a0\u00bbyes\u00a0\u00bb][vc_column]<div class=\"qodef-elements-holder   qodef-one-column  qodef-responsive-mode-768 \" ><div class=\"qodef-eh-item    \"  data-item-class=\"qodef-eh-custom-7619\">\n\t<div class=\"qodef-eh-item-inner\">\n\t\t<div class=\"qodef-eh-item-content qodef-eh-custom-7619\" >\n\t\t\t<a itemprop=\"url\" href=\"https:\/\/designwerk.li\/wp-content\/uploads\/2023\/03\/dse_dw_Dienstleister_03-2023.pdf\" target=\"_blank\"  class=\"qodef-btn qodef-btn-medium qodef-btn-simple qodef-btn-icon\"  >\n    <span class=\"qodef-btn-text\">Datenschutzerkl\u00e4rung f\u00fcr Dienstleister<\/span>\n    <i class=\"qodef-icon-font-awesome fa fa-file-pdf \" ><\/i><\/a>\t\t<\/div>\n\t<\/div>\n<\/div><\/div>[\/vc_column][\/vc_row]<\/p>\n<\/div>","protected":false},"excerpt":{"rendered":"<p>[vc_row][vc_column][vc_column_text css=\u00a0\u00bb\u00a0\u00bb] Code de conduite de designwerk AG Nous exigeons de nos collaborateurs et partenaires, tels que nos fournisseurs et prestataires de services, un comportement conforme \u00e0 la loi, \u00e9cologique et socialement responsable. Tous les collaborateurs et partenaires sont donc [&hellip;]<\/p>\n","protected":false},"author":3,"featured_media":0,"parent":0,"menu_order":0,"comment_status":"closed","ping_status":"closed","template":"","meta":{"_acf_changed":false,"footnotes":""},"class_list":["post-41360","page","type-page","status-publish","hentry"],"acf":[],"_links":{"self":[{"href":"https:\/\/designwerk.li\/fr\/wp-json\/wp\/v2\/pages\/41360","targetHints":{"allow":["GET"]}}],"collection":[{"href":"https:\/\/designwerk.li\/fr\/wp-json\/wp\/v2\/pages"}],"about":[{"href":"https:\/\/designwerk.li\/fr\/wp-json\/wp\/v2\/types\/page"}],"author":[{"embeddable":true,"href":"https:\/\/designwerk.li\/fr\/wp-json\/wp\/v2\/users\/3"}],"replies":[{"embeddable":true,"href":"https:\/\/designwerk.li\/fr\/wp-json\/wp\/v2\/comments?post=41360"}],"version-history":[{"count":2,"href":"https:\/\/designwerk.li\/fr\/wp-json\/wp\/v2\/pages\/41360\/revisions"}],"predecessor-version":[{"id":41899,"href":"https:\/\/designwerk.li\/fr\/wp-json\/wp\/v2\/pages\/41360\/revisions\/41899"}],"wp:attachment":[{"href":"https:\/\/designwerk.li\/fr\/wp-json\/wp\/v2\/media?parent=41360"}],"curies":[{"name":"wp","href":"https:\/\/api.w.org\/{rel}","templated":true}]}}