{"id":40149,"date":"2021-04-07T14:32:23","date_gmt":"2021-04-07T12:32:23","guid":{"rendered":"https:\/\/designwerk.li\/kontakt\/"},"modified":"2025-08-21T11:48:12","modified_gmt":"2025-08-21T09:48:12","slug":"contact","status":"publish","type":"page","link":"https:\/\/designwerk.li\/fr\/contact\/","title":{"rendered":"Contact"},"content":{"rendered":"<div class=\"wpb-content-wrapper\"><p>[vc_row full_width=\u00a0\u00bbstretch_row_content\u00a0\u00bb content_placement=\u00a0\u00bbmiddle\u00a0\u00bb][vc_column][vc_single_image image=\u00a0\u00bb37975&Prime; img_size=\u00a0\u00bbfull\u00a0\u00bb alignment=\u00a0\u00bbcenter\u00a0\u00bb][\/vc_column][\/vc_row][vc_row][vc_column][vc_column_text css=\u00a0\u00bb\u00a0\u00bb]<\/p>\n<p style=\"text-align: center;\"><a href=\"https:\/\/www.google.com\/maps\/place\/designwerk+ag\/@47.2058216,9.500393,17z\/data=!3m1!4b1!4m5!3m4!1s0x479b31eb8a629117:0x2610436dd4f7c818!8m2!3d47.205818!4d9.5025817\" target=\"_blank\" rel=\"noopener\">ouvrir Google Maps<\/a><\/p>\n<p>[\/vc_column_text][\/vc_column][\/vc_row][vc_row][vc_column]<div class=\"qodef-elements-holder   qodef-one-column  qodef-responsive-mode-768 \" ><div class=\"qodef-eh-item   qodef-horizontal-alignment-center \"  data-item-class=\"qodef-eh-custom-8012\" data-681-768=\"0px 0px 0px 0px\" data-680=\"48px 0px 24px 0px\">\n\t<div class=\"qodef-eh-item-inner\">\n\t\t<div class=\"qodef-eh-item-content qodef-eh-custom-8012\" style=\"padding: 128px 26% 72px\">\n\t\t\t<div class=\"qodef-section-title-holder  qodef-st-standard qodef-st-title-left qodef-st-normal-space \" style=\"text-align: center\">\n\t<div class=\"qodef-st-inner\">\n\t\t\t\t\t\t\t<h5 class=\"qodef-st-text\" style=\"font-size: 17px;line-height: 28px;font-weight: 300\">\n\t\t\t\tQue vous ayez des questions sur l'entreprise, sur nos produits, sur les prix ou sur d'\u00e9ventuelles coop\u00e9rations, nous nous r\u00e9jouissons de votre prise de contact. Bien entendu, nous sommes \u00e9galement \u00e0 l'\u00e9coute de vos commentaires.\t\t\t<\/h5>\n\t\t\t<\/div>\n<\/div>\t\t<\/div>\n\t<\/div>\n<\/div><\/div>[\/vc_column][\/vc_row][vc_row content_placement=\u00a0\u00bbmiddle\u00a0\u00bb row_content_width=\u00a0\u00bbgrid\u00a0\u00bb css=\u00a0\u00bb.vc_custom_1617804935873{padding-right: 10% !important;padding-left: 10% !important;}\u00a0\u00bb][vc_column width=\u00a0\u00bb1\/5&Prime;]<div class=\"qodef-elements-holder   qodef-one-column  qodef-responsive-mode-768 qodef-one-column-alignment-center\" ><div class=\"qodef-eh-item  qodef-vertical-alignment-top qodef-horizontal-alignment-center \"  data-item-class=\"qodef-eh-custom-9305\" data-681-768=\"0px 0px 32px 0px\" data-680=\"0px 0px 32px 0px\">\n\t<div class=\"qodef-eh-item-inner\">\n\t\t<div class=\"qodef-eh-item-content qodef-eh-custom-9305\" style=\"padding: 0px 0px 64px 0px\">\n\t\t\t[vc_column_text]<\/p>\n<h3 style=\"text-align: center;\">Marcel G\u00e4chter<\/h3>\n<p>[\/vc_column_text][vc_column_text css=\u00a0\u00bb.vc_custom_1746017637630{margin-top: -10px !important;margin-bottom: 10px !important;}\u00a0\u00bb]<\/p>\n<p style=\"text-align: center;\">en ligne<\/p>\n<p>[\/vc_column_text]<a itemprop=\"url\" href=\"mailto:marcel.gaechter@cotta.li\" target=\"_blank\"  class=\"qodef-btn qodef-btn-medium qodef-btn-simple\"  >\n    <span class=\"qodef-btn-text\">envoyer un e-mail<\/span>\n    <\/a>\t\t<\/div>\n\t<\/div>\n<\/div><\/div>[\/vc_column][vc_column width=\u00a0\u00bb1\/5&Prime;]<div class=\"qodef-elements-holder   qodef-one-column  qodef-responsive-mode-768 qodef-one-column-alignment-center\" ><div class=\"qodef-eh-item  qodef-vertical-alignment-top qodef-horizontal-alignment-center \"  data-item-class=\"qodef-eh-custom-4723\" data-681-768=\"0px 0px 32px 0px\" data-680=\"0px 0px 32px 0px\">\n\t<div class=\"qodef-eh-item-inner\">\n\t\t<div class=\"qodef-eh-item-content qodef-eh-custom-4723\" style=\"padding: 0px 0px 64px 0px\">\n\t\t\t[vc_column_text]<\/p>\n<h3 style=\"text-align: center;\">Robert Bautz<\/h3>\n<p>[\/vc_column_text][vc_column_text css=\u00a0\u00bb.vc_custom_1746017647782{margin-top: -10px !important;margin-bottom: 10px !important;}\u00a0\u00bb]<\/p>\n<p style=\"text-align: center;\">Allemagne<\/p>\n<p>[\/vc_column_text]<a itemprop=\"url\" href=\"mailto:robert.bautz@designwerk.li\" target=\"_blank\"  class=\"qodef-btn qodef-btn-medium qodef-btn-simple\"  >\n    <span class=\"qodef-btn-text\">envoyer un e-mail<\/span>\n    <\/a>\t\t<\/div>\n\t<\/div>\n<\/div><\/div>[\/vc_column][vc_column width=\u00a0\u00bb1\/5&Prime;]<div class=\"qodef-elements-holder   qodef-one-column  qodef-responsive-mode-768 qodef-one-column-alignment-center\" ><div class=\"qodef-eh-item  qodef-vertical-alignment-top qodef-horizontal-alignment-center \"  data-item-class=\"qodef-eh-custom-9863\" data-681-768=\"0px 0px 32px 0px\" data-680=\"0px 0px 32px 0px\">\n\t<div class=\"qodef-eh-item-inner\">\n\t\t<div class=\"qodef-eh-item-content qodef-eh-custom-9863\" style=\"padding: 0px 0px 64px 0px\">\n\t\t\t[vc_column_text]<\/p>\n<h3 style=\"text-align: center;\">Ermes Buset<\/h3>\n<p>[\/vc_column_text][vc_column_text css=\u00a0\u00bb.vc_custom_1746017657069{margin-top: -10px !important;margin-bottom: 10px !important;}\u00a0\u00bb]<\/p>\n<p style=\"text-align: center;\">Italie<\/p>\n<p>[\/vc_column_text]<a itemprop=\"url\" href=\"mailto:ermes.buset@designwerk.li\" target=\"_blank\"  class=\"qodef-btn qodef-btn-medium qodef-btn-simple\"  >\n    <span class=\"qodef-btn-text\">envoyer un e-mail<\/span>\n    <\/a>\t\t<\/div>\n\t<\/div>\n<\/div><\/div>[\/vc_column][vc_column width=\u00a0\u00bb1\/5&Prime;]<div class=\"qodef-elements-holder   qodef-one-column  qodef-responsive-mode-768 qodef-one-column-alignment-center\" ><div class=\"qodef-eh-item  qodef-vertical-alignment-top qodef-horizontal-alignment-center \"  data-item-class=\"qodef-eh-custom-1129\" data-681-768=\"0px 0px 32px 0px\" data-680=\"0px 0px 32px 0px\">\n\t<div class=\"qodef-eh-item-inner\">\n\t\t<div class=\"qodef-eh-item-content qodef-eh-custom-1129\" style=\"padding: 0px 0px 64px 0px\">\n\t\t\t[vc_column_text css=\u00a0\u00bb\u00a0\u00bb]<\/p>\n<h3 style=\"text-align: center;\">Claudio Talamonti<\/h3>\n<p>[\/vc_column_text][vc_column_text css=\u00a0\u00bb.vc_custom_1746017669068{margin-top: -10px !important;margin-bottom: 10px !important;}\u00a0\u00bb]<\/p>\n<p style=\"text-align: center;\">France<\/p>\n<p>[\/vc_column_text]<a itemprop=\"url\" href=\"mailto:claudio.talamonti@cotta.li\" target=\"_blank\"  class=\"qodef-btn qodef-btn-medium qodef-btn-simple\"  >\n    <span class=\"qodef-btn-text\">envoyer un e-mail<\/span>\n    <\/a>\t\t<\/div>\n\t<\/div>\n<\/div><\/div>[\/vc_column][vc_column width=\u00a0\u00bb1\/5&Prime;]<div class=\"qodef-elements-holder   qodef-one-column  qodef-responsive-mode-768 qodef-one-column-alignment-center\" ><div class=\"qodef-eh-item  qodef-vertical-alignment-top qodef-horizontal-alignment-center \"  data-item-class=\"qodef-eh-custom-7137\" data-681-768=\"0px 0px 32px 0px\" data-680=\"0px 0px 32px 0px\">\n\t<div class=\"qodef-eh-item-inner\">\n\t\t<div class=\"qodef-eh-item-content qodef-eh-custom-7137\" style=\"padding: 0px 0px 64px 0px\">\n\t\t\t[vc_column_text css=\u00a0\u00bb\u00a0\u00bb]<\/p>\n<h3 style=\"text-align: center;\">Thomas Pesendorfer<\/h3>\n<p>[\/vc_column_text][vc_column_text css=\u00a0\u00bb.vc_custom_1746017680789{margin-top: -10px !important;margin-bottom: 10px !important;}\u00a0\u00bb]<\/p>\n<p style=\"text-align: center;\">Autriche<\/p>\n<p>[\/vc_column_text]<a itemprop=\"url\" href=\"mailto:thomas.pesendorfer@cotta.li\" target=\"_blank\"  class=\"qodef-btn qodef-btn-medium qodef-btn-simple\"  >\n    <span class=\"qodef-btn-text\">envoyer un e-mail<\/span>\n    <\/a>\t\t<\/div>\n\t<\/div>\n<\/div><\/div>[\/vc_column][\/vc_row][vc_row content_placement=\u00a0\u00bbmiddle\u00a0\u00bb row_content_width=\u00a0\u00bbgrid\u00a0\u00bb css=\u00a0\u00bb.vc_custom_1617804944218{padding-right: 10% !important;padding-left: 10% !important;}\u00a0\u00bb][vc_column width=\u00a0\u00bb1\/5&Prime;]<div class=\"qodef-elements-holder   qodef-one-column  qodef-responsive-mode-768 qodef-one-column-alignment-center\" ><div class=\"qodef-eh-item  qodef-vertical-alignment-top qodef-horizontal-alignment-center \"  data-item-class=\"qodef-eh-custom-4186\" data-681-768=\"0px 0px 32px 0px\" data-680=\"0px 0px 32px 0px\">\n\t<div class=\"qodef-eh-item-inner\">\n\t\t<div class=\"qodef-eh-item-content qodef-eh-custom-4186\" style=\"padding: 0px 0px 64px 0px\">\n\t\t\t[vc_column_text]<\/p>\n<h3 style=\"text-align: center;\">Patrick Walt<\/h3>\n<p>[\/vc_column_text][vc_column_text css=\u00a0\u00bb.vc_custom_1746017703143{margin-top: -10px !important;margin-bottom: 10px !important;}\u00a0\u00bb]<\/p>\n<p style=\"text-align: center;\">Suisse<\/p>\n<p>[\/vc_column_text]<a itemprop=\"url\" href=\"mailto:patrick.walt@designwerk.li\" target=\"_blank\"  class=\"qodef-btn qodef-btn-medium qodef-btn-simple\"  >\n    <span class=\"qodef-btn-text\">envoyer un e-mail<\/span>\n    <\/a>\t\t<\/div>\n\t<\/div>\n<\/div><\/div>[\/vc_column][vc_column width=\u00a0\u00bb1\/5&Prime;]<div class=\"qodef-elements-holder   qodef-one-column  qodef-responsive-mode-768 qodef-one-column-alignment-center\" ><div class=\"qodef-eh-item  qodef-vertical-alignment-top qodef-horizontal-alignment-center \"  data-item-class=\"qodef-eh-custom-8503\" data-681-768=\"0px 0px 32px 0px\" data-680=\"0px 0px 32px 0px\">\n\t<div class=\"qodef-eh-item-inner\">\n\t\t<div class=\"qodef-eh-item-content qodef-eh-custom-8503\" style=\"padding: 0px 0px 64px 0px\">\n\t\t\t[vc_column_text]<\/p>\n<h3 style=\"text-align: center;\">Marco Barbuio<\/h3>\n<p>[\/vc_column_text][vc_column_text css=\u00a0\u00bb.vc_custom_1746017713947{margin-top: -10px !important;margin-bottom: 10px !important;}\u00a0\u00bb]<\/p>\n<p style=\"text-align: center;\">Benelux<\/p>\n<p>[\/vc_column_text]<a itemprop=\"url\" href=\"mailto:marco@barbuio.nl\" target=\"_blank\"  class=\"qodef-btn qodef-btn-medium qodef-btn-simple\"  >\n    <span class=\"qodef-btn-text\">envoyer un e-mail<\/span>\n    <\/a>\t\t<\/div>\n\t<\/div>\n<\/div><\/div>[\/vc_column][vc_column width=\u00a0\u00bb1\/5&Prime;]<div class=\"qodef-elements-holder   qodef-one-column  qodef-responsive-mode-768 qodef-one-column-alignment-center\" ><div class=\"qodef-eh-item  qodef-vertical-alignment-top qodef-horizontal-alignment-center \"  data-item-class=\"qodef-eh-custom-6183\" data-681-768=\"0px 0px 32px 0px\" data-680=\"0px 0px 32px 0px\">\n\t<div class=\"qodef-eh-item-inner\">\n\t\t<div class=\"qodef-eh-item-content qodef-eh-custom-6183\" style=\"padding: 0px 0px 64px 0px\">\n\t\t\t[vc_column_text]<\/p>\n<h3 style=\"text-align: center;\">Nuno Gon\u00e7alo<\/h3>\n<p>[\/vc_column_text][vc_column_text css=\u00a0\u00bb.vc_custom_1746017729260{margin-top: -10px !important;margin-bottom: 10px !important;}\u00a0\u00bb]<\/p>\n<p style=\"text-align: center;\">Espagne, Intercontinental<\/p>\n<p>[\/vc_column_text]<a itemprop=\"url\" href=\"mailto:nuno.goncalo@cotta.li\" target=\"_blank\"  class=\"qodef-btn qodef-btn-medium qodef-btn-simple\"  >\n    <span class=\"qodef-btn-text\">envoyer un e-mail<\/span>\n    <\/a>\t\t<\/div>\n\t<\/div>\n<\/div><\/div>[\/vc_column][vc_column width=\u00a0\u00bb1\/5&Prime;]<div class=\"qodef-elements-holder   qodef-one-column  qodef-responsive-mode-768 qodef-one-column-alignment-center\" ><div class=\"qodef-eh-item  qodef-vertical-alignment-top qodef-horizontal-alignment-center \"  data-item-class=\"qodef-eh-custom-6834\" data-681-768=\"0px 0px 32px 0px\" data-680=\"0px 0px 32px 0px\">\n\t<div class=\"qodef-eh-item-inner\">\n\t\t<div class=\"qodef-eh-item-content qodef-eh-custom-6834\" style=\"padding: 0px 0px 64px 0px\">\n\t\t\t[vc_column_text]<\/p>\n<h3 style=\"text-align: center;\">Peter Brat<\/h3>\n<p>[\/vc_column_text][vc_column_text css=\u00a0\u00bb.vc_custom_1746017739805{margin-top: -10px !important;margin-bottom: 10px !important;}\u00a0\u00bb]<\/p>\n<p style=\"text-align: center;\">Slovaquie<\/p>\n<p>[\/vc_column_text]<a itemprop=\"url\" href=\"mailto:peter.brat@designwerk.li\" target=\"_blank\"  class=\"qodef-btn qodef-btn-medium qodef-btn-simple\"  >\n    <span class=\"qodef-btn-text\">envoyer un e-mail<\/span>\n    <\/a>\t\t<\/div>\n\t<\/div>\n<\/div><\/div>[\/vc_column][vc_column width=\u00a0\u00bb1\/5&Prime;]<div class=\"qodef-elements-holder   qodef-one-column  qodef-responsive-mode-768 qodef-one-column-alignment-center\" ><div class=\"qodef-eh-item  qodef-vertical-alignment-top qodef-horizontal-alignment-center \"  data-item-class=\"qodef-eh-custom-4777\" data-681-768=\"0px 0px 32px 0px\" data-680=\"0px 0px 32px 0px\">\n\t<div class=\"qodef-eh-item-inner\">\n\t\t<div class=\"qodef-eh-item-content qodef-eh-custom-4777\" style=\"padding: 0px 0px 64px 0px\">\n\t\t\t[vc_column_text css=\u00a0\u00bb\u00a0\u00bb]<\/p>\n<h3 style=\"text-align: center;\">Gy\u00f6z\u00f6 Nagy<\/h3>\n<p>[\/vc_column_text][vc_column_text css=\u00a0\u00bb.vc_custom_1746017755902{margin-top: -10px !important;margin-bottom: 10px !important;}\u00a0\u00bb]<\/p>\n<p style=\"text-align: center;\">Hongrie<\/p>\n<p>[\/vc_column_text]<a itemprop=\"url\" href=\"mailto:gyozi.nagy@designwerk.li\" target=\"_blank\"  class=\"qodef-btn qodef-btn-medium qodef-btn-simple\"  >\n    <span class=\"qodef-btn-text\">envoyer un e-mail<\/span>\n    <\/a>\t\t<\/div>\n\t<\/div>\n<\/div><\/div>[\/vc_column][\/vc_row][vc_row content_placement=\u00a0\u00bbmiddle\u00a0\u00bb row_content_width=\u00a0\u00bbgrid\u00a0\u00bb css=\u00a0\u00bb.vc_custom_1617886089706{padding-right: 10% !important;padding-left: 10% !important;}\u00a0\u00bb][vc_column width=\u00a0\u00bb1\/5&Prime;]<div class=\"qodef-elements-holder   qodef-one-column  qodef-responsive-mode-768 qodef-one-column-alignment-center\" ><div class=\"qodef-eh-item  qodef-vertical-alignment-top qodef-horizontal-alignment-center \"  data-item-class=\"qodef-eh-custom-6655\" data-681-768=\"0px 0px 32px 0px\" data-680=\"0px 0px 32px 0px\">\n\t<div class=\"qodef-eh-item-inner\">\n\t\t<div class=\"qodef-eh-item-content qodef-eh-custom-6655\" style=\"padding: 0px 0px 64px 0px\">\n\t\t\t[vc_column_text]<\/p>\n<h3 style=\"text-align: center;\">Damir Neimarlija<\/h3>\n<p>[\/vc_column_text][vc_column_text css=\u00a0\u00bb.vc_custom_1617885995215{margin-top: -10px !important;margin-bottom: 10px !important;}\u00a0\u00bb]<\/p>\n<p style=\"text-align: center;\">AL \/ BA \/ XK \/ ME \/ MK \/ RS \/ SI \/ HR<\/p>\n<p>[\/vc_column_text]<a itemprop=\"url\" href=\"mailto:damir.neimarlija@designwerk.li\" target=\"_blank\"  class=\"qodef-btn qodef-btn-medium qodef-btn-simple\"  >\n    <span class=\"qodef-btn-text\">envoyer un e-mail<\/span>\n    <\/a>\t\t<\/div>\n\t<\/div>\n<\/div><\/div>[\/vc_column][vc_column width=\u00a0\u00bb1\/5&Prime;]<div class=\"qodef-elements-holder   qodef-one-column  qodef-responsive-mode-768 qodef-one-column-alignment-center\" ><div class=\"qodef-eh-item  qodef-vertical-alignment-top qodef-horizontal-alignment-center \"  data-item-class=\"qodef-eh-custom-3234\" data-681-768=\"0px 0px 32px 0px\" data-680=\"0px 0px 32px 0px\">\n\t<div class=\"qodef-eh-item-inner\">\n\t\t<div class=\"qodef-eh-item-content qodef-eh-custom-3234\" style=\"padding: 0px 0px 64px 0px\">\n\t\t\t[vc_column_text]<\/p>\n<h3 style=\"text-align: center;\">Raycho Stoynov<\/h3>\n<p>[\/vc_column_text][vc_column_text css=\u00a0\u00bb.vc_custom_1746017770622{margin-top: -10px !important;margin-bottom: 10px !important;}\u00a0\u00bb]<\/p>\n<p style=\"text-align: center;\">Bulgarie, Gr\u00e8ce, Chypre<\/p>\n<p>[\/vc_column_text]<a itemprop=\"url\" href=\"mailto:raycho.stoynov@designwerk.li\" target=\"_blank\"  class=\"qodef-btn qodef-btn-medium qodef-btn-simple\"  >\n    <span class=\"qodef-btn-text\">envoyer un e-mail<\/span>\n    <\/a>\t\t<\/div>\n\t<\/div>\n<\/div><\/div>[\/vc_column][vc_column width=\u00a0\u00bb1\/5&Prime;]<div class=\"qodef-elements-holder   qodef-one-column  qodef-responsive-mode-768 qodef-one-column-alignment-center\" ><div class=\"qodef-eh-item  qodef-vertical-alignment-top qodef-horizontal-alignment-center \"  data-item-class=\"qodef-eh-custom-2983\" data-681-768=\"0px 0px 32px 0px\" data-680=\"0px 0px 32px 0px\">\n\t<div class=\"qodef-eh-item-inner\">\n\t\t<div class=\"qodef-eh-item-content qodef-eh-custom-2983\" style=\"padding: 0px 0px 64px 0px\">\n\t\t\t[vc_column_text]<\/p>\n<h3 style=\"text-align: center;\">Jana Vlkov\u00e0<\/h3>\n<p>[\/vc_column_text][vc_column_text css=\u00a0\u00bb.vc_custom_1746017782254{margin-top: -10px !important;margin-bottom: 10px !important;}\u00a0\u00bb]<\/p>\n<p style=\"text-align: center;\">R\u00e9publique tch\u00e8que<\/p>\n<p>[\/vc_column_text]<a itemprop=\"url\" href=\"mailto:jana.vlkova@designwerk.li\" target=\"_blank\"  class=\"qodef-btn qodef-btn-medium qodef-btn-simple\"  >\n    <span class=\"qodef-btn-text\">envoyer un e-mail<\/span>\n    <\/a>\t\t<\/div>\n\t<\/div>\n<\/div><\/div>[\/vc_column][vc_column width=\u00a0\u00bb1\/5&Prime;]<div class=\"qodef-elements-holder   qodef-one-column  qodef-responsive-mode-768 qodef-one-column-alignment-center\" ><div class=\"qodef-eh-item  qodef-vertical-alignment-top qodef-horizontal-alignment-center \"  data-item-class=\"qodef-eh-custom-2394\" data-681-768=\"0px 0px 32px 0px\" data-680=\"0px 0px 32px 0px\">\n\t<div class=\"qodef-eh-item-inner\">\n\t\t<div class=\"qodef-eh-item-content qodef-eh-custom-2394\" style=\"padding: 0px 0px 64px 0px\">\n\t\t\t[vc_column_text css=\u00a0\u00bb\u00a0\u00bb]<\/p>\n<h3 style=\"text-align: center;\">\u00c9quipe Pologne<\/h3>\n<p>[\/vc_column_text][vc_column_text css=\u00a0\u00bb.vc_custom_1746017793828{margin-top: -10px !important;margin-bottom: 10px !important;}\u00a0\u00bb]<\/p>\n<p style=\"text-align: center;\">Pologne<\/p>\n<p>[\/vc_column_text]<a itemprop=\"url\" href=\"mailto:info@designwerk.li\" target=\"_blank\"  class=\"qodef-btn qodef-btn-medium qodef-btn-simple\"  >\n    <span class=\"qodef-btn-text\">envoyer un e-mail<\/span>\n    <\/a>\t\t<\/div>\n\t<\/div>\n<\/div><\/div>[\/vc_column][\/vc_row][vc_row][vc_column][vc_empty_space height=\u00a0\u00bb64&Prime;]<div class=\"qodef-elements-holder   qodef-one-column  qodef-responsive-mode-768 \" ><div class=\"qodef-eh-item    \"  data-item-class=\"qodef-eh-custom-3798\" data-681-768=\"0px 0px 0px 0px\" data-680=\"0px 0px 0px 0px\">\n\t<div class=\"qodef-eh-item-inner\">\n\t\t<div class=\"qodef-eh-item-content qodef-eh-custom-3798\" style=\"padding: 0px 0px 64px 0px\">\n\t\t\t\t\t<\/div>\n\t<\/div>\n<\/div><\/div>[\/vc_column][\/vc_row][vc_row row_content_width=\u00a0\u00bbgrid\u00a0\u00bb][vc_column]<div class=\"qodef-section-title-holder  qodef-st-standard qodef-st-title-left qodef-st-normal-space \" style=\"text-align: center\">\n\t<div class=\"qodef-st-inner\">\n\t\t\t\t\t<h2 class=\"qodef-st-title\" >\n\t\t\t\tQue pouvons-nous faire pour vous ?\t\t\t<\/h2>\n\t\t\t\t\t<\/div>\n<\/div>[vc_empty_space height=\u00a0\u00bb10px\u00a0\u00bb]<div class=\"qodef-elements-holder   qodef-one-column  qodef-responsive-mode-768 \" ><div class=\"qodef-eh-item   qodef-horizontal-alignment-center \"  data-item-class=\"qodef-eh-custom-5650\" data-681-768=\"0px 0px 0px 0px\" data-680=\"48px 0px 24px 0px\">\n\t<div class=\"qodef-eh-item-inner\">\n\t\t<div class=\"qodef-eh-item-content qodef-eh-custom-5650\" style=\"padding: 0px 26% 0px\">\n\t\t\t<div class=\"qodef-section-title-holder  qodef-st-standard qodef-st-title-left qodef-st-normal-space \" style=\"text-align: center\">\n\t<div class=\"qodef-st-inner\">\n\t\t\t\t\t\t\t<h5 class=\"qodef-st-text\" style=\"font-size: 17px;line-height: 28px;font-weight: 300\">\n\t\t\t\tQuelle que soit votre demande, nous sommes \u00e0 votre disposition. N'h\u00e9sitez pas \u00e0 nous contacter sans engagement. Nous nous en r\u00e9jouissons.\t\t\t<\/h5>\n\t\t\t<\/div>\n<\/div>\t\t<\/div>\n\t<\/div>\n<\/div><\/div>[vc_empty_space height=\u00a0\u00bb16px\u00a0\u00bb][vc_column_text]<\/p>\n<p style=\"text-align: center;\">designwerk AG<br \/>\nIndustriestrasse 4<br \/>\n9487 Bendern, Liechtenstein<br \/>\n+423 370 10 26<\/p>\n<p>[\/vc_column_text][\/vc_column][\/vc_row][vc_row][vc_column][vc_empty_space][\/vc_column][\/vc_row][vc_row][vc_column]<div class=\"qodef-elements-holder   qodef-one-column  qodef-responsive-mode-768 \" ><div class=\"qodef-eh-item   qodef-horizontal-alignment-center \"  data-item-class=\"qodef-eh-custom-8008\">\n\t<div class=\"qodef-eh-item-inner\">\n\t\t<div class=\"qodef-eh-item-content qodef-eh-custom-8008\" >\n\t\t\t<a itemprop=\"url\" href=\"mailto:info@designwerk.li\" target=\"_self\"  class=\"qodef-btn qodef-btn-medium qodef-btn-solid\"  >\n    <span class=\"qodef-btn-text\">envoyer un e-mail<\/span>\n    <\/a>\t\t<\/div>\n\t<\/div>\n<\/div><\/div>[\/vc_column][\/vc_row]<\/p>\n<\/div>","protected":false},"excerpt":{"rendered":"<p>[vc_row full_width=\u00a0\u00bbstretch_row_content\u00a0\u00bb content_placement=\u00a0\u00bbmiddle\u00a0\u00bb][vc_column][vc_single_image image=\u00a0\u00bb37975&Prime; img_size=\u00a0\u00bbfull\u00a0\u00bb alignment=\u00a0\u00bbcenter\u00a0\u00bb][\/vc_column][\/vc_row][vc_row][vc_column][vc_column_text css=\u00a0\u00bb\u00a0\u00bb] ouvrir Google Maps [\/vc_column_text][\/vc_column][\/vc_row][vc_row][vc_column][\/vc_column][\/vc_row][vc_row content_placement=\u00a0\u00bbmiddle\u00a0\u00bb row_content_width=\u00a0\u00bbgrid\u00a0\u00bb css=\u00a0\u00bb.vc_custom_1617804935873{padding-right: 10% !important;padding-left: 10% !important;}\u00a0\u00bb][vc_column width=\u00a0\u00bb1\/5&Prime;][\/vc_column][vc_column width=\u00a0\u00bb1\/5&Prime;][\/vc_column][vc_column width=\u00a0\u00bb1\/5&Prime;][\/vc_column][vc_column width=\u00a0\u00bb1\/5&Prime;][\/vc_column][vc_column width=\u00a0\u00bb1\/5&Prime;][\/vc_column][\/vc_row][vc_row content_placement=\u00a0\u00bbmiddle\u00a0\u00bb row_content_width=\u00a0\u00bbgrid\u00a0\u00bb css=\u00a0\u00bb.vc_custom_1617804944218{padding-right: 10% !important;padding-left: 10% !important;}\u00a0\u00bb][vc_column width=\u00a0\u00bb1\/5&Prime;][\/vc_column][vc_column width=\u00a0\u00bb1\/5&Prime;][\/vc_column][vc_column width=\u00a0\u00bb1\/5&Prime;][\/vc_column][vc_column width=\u00a0\u00bb1\/5&Prime;][\/vc_column][vc_column width=\u00a0\u00bb1\/5&Prime;][\/vc_column][\/vc_row][vc_row content_placement=\u00a0\u00bbmiddle\u00a0\u00bb row_content_width=\u00a0\u00bbgrid\u00a0\u00bb css=\u00a0\u00bb.vc_custom_1617886089706{padding-right: 10% !important;padding-left: [&hellip;]<\/p>\n","protected":false},"author":3,"featured_media":0,"parent":0,"menu_order":0,"comment_status":"closed","ping_status":"closed","template":"","meta":{"_acf_changed":false,"footnotes":""},"class_list":["post-40149","page","type-page","status-publish","hentry"],"acf":[],"_links":{"self":[{"href":"https:\/\/designwerk.li\/fr\/wp-json\/wp\/v2\/pages\/40149","targetHints":{"allow":["GET"]}}],"collection":[{"href":"https:\/\/designwerk.li\/fr\/wp-json\/wp\/v2\/pages"}],"about":[{"href":"https:\/\/designwerk.li\/fr\/wp-json\/wp\/v2\/types\/page"}],"author":[{"embeddable":true,"href":"https:\/\/designwerk.li\/fr\/wp-json\/wp\/v2\/users\/3"}],"replies":[{"embeddable":true,"href":"https:\/\/designwerk.li\/fr\/wp-json\/wp\/v2\/comments?post=40149"}],"version-history":[{"count":8,"href":"https:\/\/designwerk.li\/fr\/wp-json\/wp\/v2\/pages\/40149\/revisions"}],"predecessor-version":[{"id":41796,"href":"https:\/\/designwerk.li\/fr\/wp-json\/wp\/v2\/pages\/40149\/revisions\/41796"}],"wp:attachment":[{"href":"https:\/\/designwerk.li\/fr\/wp-json\/wp\/v2\/media?parent=40149"}],"curies":[{"name":"wp","href":"https:\/\/api.w.org\/{rel}","templated":true}]}}