{"id":40138,"date":"2020-10-27T10:56:30","date_gmt":"2020-10-27T09:56:30","guid":{"rendered":"https:\/\/designwerk.li\/design-sofas\/"},"modified":"2025-04-30T14:18:32","modified_gmt":"2025-04-30T12:18:32","slug":"canapes","status":"publish","type":"page","link":"https:\/\/designwerk.li\/fr\/canapes\/","title":{"rendered":"Canap\u00e9s"},"content":{"rendered":"<div class=\"wpb-content-wrapper\"><p>[vc_row][vc_column]<div class=\"qodef-elements-holder   qodef-one-column  qodef-responsive-mode-768 \" ><div class=\"qodef-eh-item   qodef-horizontal-alignment-center \"  data-item-class=\"qodef-eh-custom-5640\" data-681-768=\"0px 0px 0px 0px\" data-680=\"48px 0px 24px 0px\">\n\t<div class=\"qodef-eh-item-inner\">\n\t\t<div class=\"qodef-eh-item-content qodef-eh-custom-5640\" style=\"padding: 134px 26% 112px\">\n\t\t\t<div class=\"qodef-section-title-holder  qodef-st-standard qodef-st-title-left qodef-st-normal-space \" >\n\t<div class=\"qodef-st-inner\">\n\t\t\t\t\t<h2 class=\"qodef-st-title\" >\n\t\t\t\tCanap\u00e9s\t\t\t<\/h2>\n\t\t\t\t\t\t\t<h4 class=\"qodef-st-text\" style=\"color: #0a0a0a;line-height: 28px;font-weight: 300\">\n\t\t\t\tDes canap\u00e9s design pour votre propre maison. Optez pour un canap\u00e9 design de designwerk. Vous obtiendrez ainsi le meilleur de l'esth\u00e9tique et du confort. De nombreuses combinaisons mais aussi un grand choix de tissus et de cuirs offrent une marge de man\u0153uvre pour votre propre individualit\u00e9. Il y en a pour tous les styles de vie et tous les go\u00fbts. Un habitat de premi\u00e8re classe est assur\u00e9. Vivez dans la modernit\u00e9 et l'\u00e9l\u00e9gance intemporelle avec designwerk.\t\t\t<\/h4>\n\t\t\t<\/div>\n<\/div>\t\t<\/div>\n\t<\/div>\n<\/div><\/div>[\/vc_column][\/vc_row][vc_row css=\u00a0\u00bb.vc_custom_1611651468490{padding-bottom: 110px !important;}\u00a0\u00bb][vc_column]<div class=\"qodef-portfolio-list-holder qodef-grid-list qodef-disable-bottom-space qodef-pl-gallery qodef-two-columns qodef-normal-space qodef-pl-standard-shader    qodef-pl-pag-no-pagination qodef-pl-has-filter qodef-pl-has-animation   \"  data-type=gallery data-number-of-columns=two data-space-between-items=normal data-number-of-items=-1 data-image-proportions=full data-enable-fixed-proportions=no data-enable-image-shadow=no data-category=sofa data-orderby=title data-order=ASC data-item-style=standard-shader data-enable-title=yes data-title-tag=h3 data-enable-category=no data-enable-count-images=yes data-enable-excerpt=no data-excerpt-length=20 data-pagination-type=no-pagination data-filter=yes data-filter-order-by=name data-enable-article-animation=yes data-portfolio-slider-on=no data-enable-loop=yes data-enable-autoplay=yes data-slider-speed=5000 data-slider-speed-animation=600 data-enable-navigation=yes data-enable-pagination=yes data-max-num-pages=0 data-next-page=2>\n\t\t<div class=\"qodef-pl-filter-holder\" >\n\t\t<div class=\"qodef-plf-inner\">\n\t\t\t\t\t<\/div>\n\t<\/div>\n\t<div class=\"qodef-pl-inner qodef-outer-space  clearfix\">\n\t\t<article class=\"qodef-pl-item qodef-item-space  post-40218 portfolio-item type-portfolio-item status-publish has-post-thumbnail hentry portfolio-category-canape\">\n\t<div class=\"qodef-pl-item-inner\">\n\t\t<div class=\"qodef-pli-image\">\n\t<img decoding=\"async\" width=\"900\" height=\"600\" src=\"https:\/\/designwerk.li\/wp-content\/uploads\/2022\/02\/Portfolio-Berry.jpg\" class=\"attachment-full size-full wp-post-image\" alt=\"\" srcset=\"https:\/\/designwerk.li\/wp-content\/uploads\/2022\/02\/Portfolio-Berry.jpg 900w, https:\/\/designwerk.li\/wp-content\/uploads\/2022\/02\/Portfolio-Berry-300x200.jpg 300w, https:\/\/designwerk.li\/wp-content\/uploads\/2022\/02\/Portfolio-Berry-768x512.jpg 768w\" sizes=\"(max-width: 900px) 100vw, 900px\" \/><\/div>\n<div class=\"qodef-pli-text-holder\" >\n\t<div class=\"qodef-pli-text-wrapper\">\n\t\t<div class=\"qodef-pli-text\">\n\t\t\t\t<h3 itemprop=\"name\" class=\"qodef-pli-title entry-title\" >\n\t\tBerry\t<\/h3>\n\n\t\t\t\n\t\t\t\n\t\t\t\t\t<\/div>\n\t<\/div>\n<\/div>\t\t<a itemprop=\"url\" class=\"qodef-pli-link qodef-block-drag-link\" href=\"https:\/\/designwerk.li\/fr\/design-furniture\/berry\/\" target=\"_self\"><\/a>\n\t<\/div>\n<\/article><article class=\"qodef-pl-item qodef-item-space  post-40230 portfolio-item type-portfolio-item status-publish has-post-thumbnail hentry portfolio-category-canape\">\n\t<div class=\"qodef-pl-item-inner\">\n\t\t<div class=\"qodef-pli-image\">\n\t<img decoding=\"async\" width=\"900\" height=\"600\" src=\"https:\/\/designwerk.li\/wp-content\/uploads\/2021\/10\/Portfolio-Cielo-Megasofa-frontal.jpg\" class=\"attachment-full size-full wp-post-image\" alt=\"\" srcset=\"https:\/\/designwerk.li\/wp-content\/uploads\/2021\/10\/Portfolio-Cielo-Megasofa-frontal.jpg 900w, https:\/\/designwerk.li\/wp-content\/uploads\/2021\/10\/Portfolio-Cielo-Megasofa-frontal-300x200.jpg 300w, https:\/\/designwerk.li\/wp-content\/uploads\/2021\/10\/Portfolio-Cielo-Megasofa-frontal-768x512.jpg 768w\" sizes=\"(max-width: 900px) 100vw, 900px\" \/><\/div>\n<div class=\"qodef-pli-text-holder\" >\n\t<div class=\"qodef-pli-text-wrapper\">\n\t\t<div class=\"qodef-pli-text\">\n\t\t\t\t<h3 itemprop=\"name\" class=\"qodef-pli-title entry-title\" >\n\t\tCielo\t<\/h3>\n\n\t\t\t\n\t\t\t\n\t\t\t\t\t<\/div>\n\t<\/div>\n<\/div>\t\t<a itemprop=\"url\" class=\"qodef-pli-link qodef-block-drag-link\" href=\"https:\/\/designwerk.li\/fr\/design-furniture\/cielo\/\" target=\"_self\"><\/a>\n\t<\/div>\n<\/article><article class=\"qodef-pl-item qodef-item-space  post-40236 portfolio-item type-portfolio-item status-publish has-post-thumbnail hentry portfolio-category-canape\">\n\t<div class=\"qodef-pl-item-inner\">\n\t\t<div class=\"qodef-pli-image\">\n\t<img decoding=\"async\" width=\"900\" height=\"600\" src=\"https:\/\/designwerk.li\/wp-content\/uploads\/2024\/07\/Portfolio-Colosseo-2.jpg\" class=\"attachment-full size-full wp-post-image\" alt=\"\" srcset=\"https:\/\/designwerk.li\/wp-content\/uploads\/2024\/07\/Portfolio-Colosseo-2.jpg 900w, https:\/\/designwerk.li\/wp-content\/uploads\/2024\/07\/Portfolio-Colosseo-2-300x200.jpg 300w, https:\/\/designwerk.li\/wp-content\/uploads\/2024\/07\/Portfolio-Colosseo-2-768x512.jpg 768w\" sizes=\"(max-width: 900px) 100vw, 900px\" \/><\/div>\n<div class=\"qodef-pli-text-holder\" >\n\t<div class=\"qodef-pli-text-wrapper\">\n\t\t<div class=\"qodef-pli-text\">\n\t\t\t\t<h3 itemprop=\"name\" class=\"qodef-pli-title entry-title\" >\n\t\tColosseo\t<\/h3>\n\n\t\t\t\n\t\t\t\n\t\t\t\t\t<\/div>\n\t<\/div>\n<\/div>\t\t<a itemprop=\"url\" class=\"qodef-pli-link qodef-block-drag-link\" href=\"https:\/\/designwerk.li\/fr\/design-furniture\/colosseo\/\" target=\"_self\"><\/a>\n\t<\/div>\n<\/article><article class=\"qodef-pl-item qodef-item-space  post-40242 portfolio-item type-portfolio-item status-publish has-post-thumbnail hentry portfolio-category-canape\">\n\t<div class=\"qodef-pl-item-inner\">\n\t\t<div class=\"qodef-pli-image\">\n\t<img decoding=\"async\" width=\"900\" height=\"600\" src=\"https:\/\/designwerk.li\/wp-content\/uploads\/2024\/07\/Portfolio-Fluffy.jpg\" class=\"attachment-full size-full wp-post-image\" alt=\"\" srcset=\"https:\/\/designwerk.li\/wp-content\/uploads\/2024\/07\/Portfolio-Fluffy.jpg 900w, https:\/\/designwerk.li\/wp-content\/uploads\/2024\/07\/Portfolio-Fluffy-300x200.jpg 300w, https:\/\/designwerk.li\/wp-content\/uploads\/2024\/07\/Portfolio-Fluffy-768x512.jpg 768w\" sizes=\"(max-width: 900px) 100vw, 900px\" \/><\/div>\n<div class=\"qodef-pli-text-holder\" >\n\t<div class=\"qodef-pli-text-wrapper\">\n\t\t<div class=\"qodef-pli-text\">\n\t\t\t\t<h3 itemprop=\"name\" class=\"qodef-pli-title entry-title\" >\n\t\tFluffy\t<\/h3>\n\n\t\t\t\n\t\t\t\n\t\t\t\t\t<\/div>\n\t<\/div>\n<\/div>\t\t<a itemprop=\"url\" class=\"qodef-pli-link qodef-block-drag-link\" href=\"https:\/\/designwerk.li\/fr\/design-furniture\/fluffy\/\" target=\"_self\"><\/a>\n\t<\/div>\n<\/article><article class=\"qodef-pl-item qodef-item-space  post-40711 portfolio-item type-portfolio-item status-publish has-post-thumbnail hentry portfolio-category-canape\">\n\t<div class=\"qodef-pl-item-inner\">\n\t\t<div class=\"qodef-pli-image\">\n\t<img decoding=\"async\" width=\"900\" height=\"600\" src=\"https:\/\/designwerk.li\/wp-content\/uploads\/2020\/11\/Portfolio-Forma-2-frontal.jpg\" class=\"attachment-full size-full wp-post-image\" alt=\"\" srcset=\"https:\/\/designwerk.li\/wp-content\/uploads\/2020\/11\/Portfolio-Forma-2-frontal.jpg 900w, https:\/\/designwerk.li\/wp-content\/uploads\/2020\/11\/Portfolio-Forma-2-frontal-300x200.jpg 300w, https:\/\/designwerk.li\/wp-content\/uploads\/2020\/11\/Portfolio-Forma-2-frontal-768x512.jpg 768w\" sizes=\"(max-width: 900px) 100vw, 900px\" \/><\/div>\n<div class=\"qodef-pli-text-holder\" >\n\t<div class=\"qodef-pli-text-wrapper\">\n\t\t<div class=\"qodef-pli-text\">\n\t\t\t\t<h3 itemprop=\"name\" class=\"qodef-pli-title entry-title\" >\n\t\tForma\t<\/h3>\n\n\t\t\t\n\t\t\t\n\t\t\t\t\t<\/div>\n\t<\/div>\n<\/div>\t\t<a itemprop=\"url\" class=\"qodef-pli-link qodef-block-drag-link\" href=\"https:\/\/designwerk.li\/fr\/design-furniture\/forma\/\" target=\"_self\"><\/a>\n\t<\/div>\n<\/article><article class=\"qodef-pl-item qodef-item-space  post-40716 portfolio-item type-portfolio-item status-publish has-post-thumbnail hentry portfolio-category-canape\">\n\t<div class=\"qodef-pl-item-inner\">\n\t\t<div class=\"qodef-pli-image\">\n\t<img decoding=\"async\" width=\"900\" height=\"600\" src=\"https:\/\/designwerk.li\/wp-content\/uploads\/2021\/10\/Portfolio-Gianni-3-OTM-frontal.jpg\" class=\"attachment-full size-full wp-post-image\" alt=\"\" srcset=\"https:\/\/designwerk.li\/wp-content\/uploads\/2021\/10\/Portfolio-Gianni-3-OTM-frontal.jpg 900w, https:\/\/designwerk.li\/wp-content\/uploads\/2021\/10\/Portfolio-Gianni-3-OTM-frontal-300x200.jpg 300w, https:\/\/designwerk.li\/wp-content\/uploads\/2021\/10\/Portfolio-Gianni-3-OTM-frontal-768x512.jpg 768w\" sizes=\"(max-width: 900px) 100vw, 900px\" \/><\/div>\n<div class=\"qodef-pli-text-holder\" >\n\t<div class=\"qodef-pli-text-wrapper\">\n\t\t<div class=\"qodef-pli-text\">\n\t\t\t\t<h3 itemprop=\"name\" class=\"qodef-pli-title entry-title\" >\n\t\tGianni\t<\/h3>\n\n\t\t\t\n\t\t\t\n\t\t\t\t\t<\/div>\n\t<\/div>\n<\/div>\t\t<a itemprop=\"url\" class=\"qodef-pli-link qodef-block-drag-link\" href=\"https:\/\/designwerk.li\/fr\/design-furniture\/gianni\/\" target=\"_self\"><\/a>\n\t<\/div>\n<\/article><article class=\"qodef-pl-item qodef-item-space  post-40722 portfolio-item type-portfolio-item status-publish has-post-thumbnail hentry portfolio-category-canape\">\n\t<div class=\"qodef-pl-item-inner\">\n\t\t<div class=\"qodef-pli-image\">\n\t<img decoding=\"async\" width=\"900\" height=\"600\" src=\"https:\/\/designwerk.li\/wp-content\/uploads\/2024\/07\/Portfolio-Globe-1.jpg\" class=\"attachment-full size-full wp-post-image\" alt=\"\" srcset=\"https:\/\/designwerk.li\/wp-content\/uploads\/2024\/07\/Portfolio-Globe-1.jpg 900w, https:\/\/designwerk.li\/wp-content\/uploads\/2024\/07\/Portfolio-Globe-1-300x200.jpg 300w, https:\/\/designwerk.li\/wp-content\/uploads\/2024\/07\/Portfolio-Globe-1-768x512.jpg 768w\" sizes=\"(max-width: 900px) 100vw, 900px\" \/><\/div>\n<div class=\"qodef-pli-text-holder\" >\n\t<div class=\"qodef-pli-text-wrapper\">\n\t\t<div class=\"qodef-pli-text\">\n\t\t\t\t<h3 itemprop=\"name\" class=\"qodef-pli-title entry-title\" >\n\t\tGlobe\t<\/h3>\n\n\t\t\t\n\t\t\t\n\t\t\t\t\t<\/div>\n\t<\/div>\n<\/div>\t\t<a itemprop=\"url\" class=\"qodef-pli-link qodef-block-drag-link\" href=\"https:\/\/designwerk.li\/fr\/design-furniture\/globe\/\" target=\"_self\"><\/a>\n\t<\/div>\n<\/article><article class=\"qodef-pl-item qodef-item-space  post-41659 portfolio-item type-portfolio-item status-publish has-post-thumbnail hentry portfolio-category-canape\">\n\t<div class=\"qodef-pl-item-inner\">\n\t\t<div class=\"qodef-pli-image\">\n\t<img decoding=\"async\" width=\"900\" height=\"600\" src=\"https:\/\/designwerk.li\/wp-content\/uploads\/2025\/08\/Portfolio-Liam.jpg\" class=\"attachment-full size-full wp-post-image\" alt=\"\" srcset=\"https:\/\/designwerk.li\/wp-content\/uploads\/2025\/08\/Portfolio-Liam.jpg 900w, https:\/\/designwerk.li\/wp-content\/uploads\/2025\/08\/Portfolio-Liam-300x200.jpg 300w, https:\/\/designwerk.li\/wp-content\/uploads\/2025\/08\/Portfolio-Liam-768x512.jpg 768w\" sizes=\"(max-width: 900px) 100vw, 900px\" \/><\/div>\n<div class=\"qodef-pli-text-holder\" >\n\t<div class=\"qodef-pli-text-wrapper\">\n\t\t<div class=\"qodef-pli-text\">\n\t\t\t\t<h3 itemprop=\"name\" class=\"qodef-pli-title entry-title\" >\n\t\tLiam\t<\/h3>\n\n\t\t\t\n\t\t\t\n\t\t\t\t\t<\/div>\n\t<\/div>\n<\/div>\t\t<a itemprop=\"url\" class=\"qodef-pli-link qodef-block-drag-link\" href=\"https:\/\/designwerk.li\/fr\/design-furniture\/liam\/\" target=\"_self\"><\/a>\n\t<\/div>\n<\/article><article class=\"qodef-pl-item qodef-item-space  post-40728 portfolio-item type-portfolio-item status-publish has-post-thumbnail hentry portfolio-category-canape\">\n\t<div class=\"qodef-pl-item-inner\">\n\t\t<div class=\"qodef-pli-image\">\n\t<img decoding=\"async\" width=\"900\" height=\"600\" src=\"https:\/\/designwerk.li\/wp-content\/uploads\/2022\/02\/Portfolio-Lucy.jpg\" class=\"attachment-full size-full wp-post-image\" alt=\"\" srcset=\"https:\/\/designwerk.li\/wp-content\/uploads\/2022\/02\/Portfolio-Lucy.jpg 900w, https:\/\/designwerk.li\/wp-content\/uploads\/2022\/02\/Portfolio-Lucy-300x200.jpg 300w, https:\/\/designwerk.li\/wp-content\/uploads\/2022\/02\/Portfolio-Lucy-768x512.jpg 768w\" sizes=\"(max-width: 900px) 100vw, 900px\" \/><\/div>\n<div class=\"qodef-pli-text-holder\" >\n\t<div class=\"qodef-pli-text-wrapper\">\n\t\t<div class=\"qodef-pli-text\">\n\t\t\t\t<h3 itemprop=\"name\" class=\"qodef-pli-title entry-title\" >\n\t\tLucy\t<\/h3>\n\n\t\t\t\n\t\t\t\n\t\t\t\t\t<\/div>\n\t<\/div>\n<\/div>\t\t<a itemprop=\"url\" class=\"qodef-pli-link qodef-block-drag-link\" href=\"https:\/\/designwerk.li\/fr\/design-furniture\/lucy\/\" target=\"_self\"><\/a>\n\t<\/div>\n<\/article><article class=\"qodef-pl-item qodef-item-space  post-40740 portfolio-item type-portfolio-item status-publish has-post-thumbnail hentry portfolio-category-canape\">\n\t<div class=\"qodef-pl-item-inner\">\n\t\t<div class=\"qodef-pli-image\">\n\t<img decoding=\"async\" width=\"900\" height=\"600\" src=\"https:\/\/designwerk.li\/wp-content\/uploads\/2022\/03\/Portfolio-New-York.jpg\" class=\"attachment-full size-full wp-post-image\" alt=\"\" srcset=\"https:\/\/designwerk.li\/wp-content\/uploads\/2022\/03\/Portfolio-New-York.jpg 900w, https:\/\/designwerk.li\/wp-content\/uploads\/2022\/03\/Portfolio-New-York-300x200.jpg 300w, https:\/\/designwerk.li\/wp-content\/uploads\/2022\/03\/Portfolio-New-York-768x512.jpg 768w\" sizes=\"(max-width: 900px) 100vw, 900px\" \/><\/div>\n<div class=\"qodef-pli-text-holder\" >\n\t<div class=\"qodef-pli-text-wrapper\">\n\t\t<div class=\"qodef-pli-text\">\n\t\t\t\t<h3 itemprop=\"name\" class=\"qodef-pli-title entry-title\" >\n\t\tNew York\t<\/h3>\n\n\t\t\t\n\t\t\t\n\t\t\t\t\t<\/div>\n\t<\/div>\n<\/div>\t\t<a itemprop=\"url\" class=\"qodef-pli-link qodef-block-drag-link\" href=\"https:\/\/designwerk.li\/fr\/design-furniture\/new-york\/\" target=\"_self\"><\/a>\n\t<\/div>\n<\/article><article class=\"qodef-pl-item qodef-item-space  post-40746 portfolio-item type-portfolio-item status-publish has-post-thumbnail hentry portfolio-category-canape\">\n\t<div class=\"qodef-pl-item-inner\">\n\t\t<div class=\"qodef-pli-image\">\n\t<img decoding=\"async\" width=\"900\" height=\"600\" src=\"https:\/\/designwerk.li\/wp-content\/uploads\/2024\/03\/Portfolio-Oasis.jpg\" class=\"attachment-full size-full wp-post-image\" alt=\"\" srcset=\"https:\/\/designwerk.li\/wp-content\/uploads\/2024\/03\/Portfolio-Oasis.jpg 900w, https:\/\/designwerk.li\/wp-content\/uploads\/2024\/03\/Portfolio-Oasis-300x200.jpg 300w, https:\/\/designwerk.li\/wp-content\/uploads\/2024\/03\/Portfolio-Oasis-768x512.jpg 768w\" sizes=\"(max-width: 900px) 100vw, 900px\" \/><\/div>\n<div class=\"qodef-pli-text-holder\" >\n\t<div class=\"qodef-pli-text-wrapper\">\n\t\t<div class=\"qodef-pli-text\">\n\t\t\t\t<h3 itemprop=\"name\" class=\"qodef-pli-title entry-title\" >\n\t\tOasis\t<\/h3>\n\n\t\t\t\n\t\t\t\n\t\t\t\t\t<\/div>\n\t<\/div>\n<\/div>\t\t<a itemprop=\"url\" class=\"qodef-pli-link qodef-block-drag-link\" href=\"https:\/\/designwerk.li\/fr\/design-furniture\/oasis\/\" target=\"_self\"><\/a>\n\t<\/div>\n<\/article><article class=\"qodef-pl-item qodef-item-space  post-40752 portfolio-item type-portfolio-item status-publish has-post-thumbnail hentry portfolio-category-canape\">\n\t<div class=\"qodef-pl-item-inner\">\n\t\t<div class=\"qodef-pli-image\">\n\t<img decoding=\"async\" width=\"900\" height=\"600\" src=\"https:\/\/designwerk.li\/wp-content\/uploads\/2022\/05\/Portfolio-Oslo.jpg\" class=\"attachment-full size-full wp-post-image\" alt=\"\" srcset=\"https:\/\/designwerk.li\/wp-content\/uploads\/2022\/05\/Portfolio-Oslo.jpg 900w, https:\/\/designwerk.li\/wp-content\/uploads\/2022\/05\/Portfolio-Oslo-300x200.jpg 300w, https:\/\/designwerk.li\/wp-content\/uploads\/2022\/05\/Portfolio-Oslo-768x512.jpg 768w\" sizes=\"(max-width: 900px) 100vw, 900px\" \/><\/div>\n<div class=\"qodef-pli-text-holder\" >\n\t<div class=\"qodef-pli-text-wrapper\">\n\t\t<div class=\"qodef-pli-text\">\n\t\t\t\t<h3 itemprop=\"name\" class=\"qodef-pli-title entry-title\" >\n\t\tOslo\t<\/h3>\n\n\t\t\t\n\t\t\t\n\t\t\t\t\t<\/div>\n\t<\/div>\n<\/div>\t\t<a itemprop=\"url\" class=\"qodef-pli-link qodef-block-drag-link\" href=\"https:\/\/designwerk.li\/fr\/design-furniture\/oslo\/\" target=\"_self\"><\/a>\n\t<\/div>\n<\/article><article class=\"qodef-pl-item qodef-item-space  post-40758 portfolio-item type-portfolio-item status-publish has-post-thumbnail hentry portfolio-category-canape\">\n\t<div class=\"qodef-pl-item-inner\">\n\t\t<div class=\"qodef-pli-image\">\n\t<img decoding=\"async\" width=\"900\" height=\"600\" src=\"https:\/\/designwerk.li\/wp-content\/uploads\/2022\/03\/Portfolio-Palace.jpg\" class=\"attachment-full size-full wp-post-image\" alt=\"\" srcset=\"https:\/\/designwerk.li\/wp-content\/uploads\/2022\/03\/Portfolio-Palace.jpg 900w, https:\/\/designwerk.li\/wp-content\/uploads\/2022\/03\/Portfolio-Palace-300x200.jpg 300w, https:\/\/designwerk.li\/wp-content\/uploads\/2022\/03\/Portfolio-Palace-768x512.jpg 768w\" sizes=\"(max-width: 900px) 100vw, 900px\" \/><\/div>\n<div class=\"qodef-pli-text-holder\" >\n\t<div class=\"qodef-pli-text-wrapper\">\n\t\t<div class=\"qodef-pli-text\">\n\t\t\t\t<h3 itemprop=\"name\" class=\"qodef-pli-title entry-title\" >\n\t\tPalace\t<\/h3>\n\n\t\t\t\n\t\t\t\n\t\t\t\t\t<\/div>\n\t<\/div>\n<\/div>\t\t<a itemprop=\"url\" class=\"qodef-pli-link qodef-block-drag-link\" href=\"https:\/\/designwerk.li\/fr\/design-furniture\/palace\/\" target=\"_self\"><\/a>\n\t<\/div>\n<\/article><article class=\"qodef-pl-item qodef-item-space  post-40764 portfolio-item type-portfolio-item status-publish has-post-thumbnail hentry portfolio-category-canape\">\n\t<div class=\"qodef-pl-item-inner\">\n\t\t<div class=\"qodef-pli-image\">\n\t<img decoding=\"async\" width=\"900\" height=\"600\" src=\"https:\/\/designwerk.li\/wp-content\/uploads\/2021\/10\/Portfolio-Parma-Giga-frontal.jpg\" class=\"attachment-full size-full wp-post-image\" alt=\"\" srcset=\"https:\/\/designwerk.li\/wp-content\/uploads\/2021\/10\/Portfolio-Parma-Giga-frontal.jpg 900w, https:\/\/designwerk.li\/wp-content\/uploads\/2021\/10\/Portfolio-Parma-Giga-frontal-300x200.jpg 300w, https:\/\/designwerk.li\/wp-content\/uploads\/2021\/10\/Portfolio-Parma-Giga-frontal-768x512.jpg 768w\" sizes=\"(max-width: 900px) 100vw, 900px\" \/><\/div>\n<div class=\"qodef-pli-text-holder\" >\n\t<div class=\"qodef-pli-text-wrapper\">\n\t\t<div class=\"qodef-pli-text\">\n\t\t\t\t<h3 itemprop=\"name\" class=\"qodef-pli-title entry-title\" >\n\t\tParma\t<\/h3>\n\n\t\t\t\n\t\t\t\n\t\t\t\t\t<\/div>\n\t<\/div>\n<\/div>\t\t<a itemprop=\"url\" class=\"qodef-pli-link qodef-block-drag-link\" href=\"https:\/\/designwerk.li\/fr\/design-furniture\/parma\/\" target=\"_self\"><\/a>\n\t<\/div>\n<\/article><article class=\"qodef-pl-item qodef-item-space  post-41466 portfolio-item type-portfolio-item status-publish has-post-thumbnail hentry portfolio-category-canape\">\n\t<div class=\"qodef-pl-item-inner\">\n\t\t<div class=\"qodef-pli-image\">\n\t<img decoding=\"async\" width=\"900\" height=\"600\" src=\"https:\/\/designwerk.li\/wp-content\/uploads\/2025\/05\/Portfolio-Passion.jpg\" class=\"attachment-full size-full wp-post-image\" alt=\"\" srcset=\"https:\/\/designwerk.li\/wp-content\/uploads\/2025\/05\/Portfolio-Passion.jpg 900w, https:\/\/designwerk.li\/wp-content\/uploads\/2025\/05\/Portfolio-Passion-300x200.jpg 300w, https:\/\/designwerk.li\/wp-content\/uploads\/2025\/05\/Portfolio-Passion-768x512.jpg 768w\" sizes=\"(max-width: 900px) 100vw, 900px\" \/><\/div>\n<div class=\"qodef-pli-text-holder\" >\n\t<div class=\"qodef-pli-text-wrapper\">\n\t\t<div class=\"qodef-pli-text\">\n\t\t\t\t<h3 itemprop=\"name\" class=\"qodef-pli-title entry-title\" >\n\t\tPassion\t<\/h3>\n\n\t\t\t\n\t\t\t\n\t\t\t\t\t<\/div>\n\t<\/div>\n<\/div>\t\t<a itemprop=\"url\" class=\"qodef-pli-link qodef-block-drag-link\" href=\"https:\/\/designwerk.li\/fr\/design-furniture\/passion\/\" target=\"_self\"><\/a>\n\t<\/div>\n<\/article><article class=\"qodef-pl-item qodef-item-space  post-40770 portfolio-item type-portfolio-item status-publish has-post-thumbnail hentry portfolio-category-canape\">\n\t<div class=\"qodef-pl-item-inner\">\n\t\t<div class=\"qodef-pli-image\">\n\t<img decoding=\"async\" width=\"900\" height=\"600\" src=\"https:\/\/designwerk.li\/wp-content\/uploads\/2022\/11\/Portfolio-Puzzle.jpg\" class=\"attachment-full size-full wp-post-image\" alt=\"\" srcset=\"https:\/\/designwerk.li\/wp-content\/uploads\/2022\/11\/Portfolio-Puzzle.jpg 900w, https:\/\/designwerk.li\/wp-content\/uploads\/2022\/11\/Portfolio-Puzzle-300x200.jpg 300w, https:\/\/designwerk.li\/wp-content\/uploads\/2022\/11\/Portfolio-Puzzle-768x512.jpg 768w\" sizes=\"(max-width: 900px) 100vw, 900px\" \/><\/div>\n<div class=\"qodef-pli-text-holder\" >\n\t<div class=\"qodef-pli-text-wrapper\">\n\t\t<div class=\"qodef-pli-text\">\n\t\t\t\t<h3 itemprop=\"name\" class=\"qodef-pli-title entry-title\" >\n\t\tPuzzle\t<\/h3>\n\n\t\t\t\n\t\t\t\n\t\t\t\t\t<\/div>\n\t<\/div>\n<\/div>\t\t<a itemprop=\"url\" class=\"qodef-pli-link qodef-block-drag-link\" href=\"https:\/\/designwerk.li\/fr\/design-furniture\/puzzle\/\" target=\"_self\"><\/a>\n\t<\/div>\n<\/article><article class=\"qodef-pl-item qodef-item-space  post-40176 portfolio-item type-portfolio-item status-publish has-post-thumbnail hentry portfolio-category-canape\">\n\t<div class=\"qodef-pl-item-inner\">\n\t\t<div class=\"qodef-pli-image\">\n\t<img decoding=\"async\" width=\"900\" height=\"600\" src=\"https:\/\/designwerk.li\/wp-content\/uploads\/2025\/04\/Portfolio-Silky.jpg\" class=\"attachment-full size-full wp-post-image\" alt=\"\" srcset=\"https:\/\/designwerk.li\/wp-content\/uploads\/2025\/04\/Portfolio-Silky.jpg 900w, https:\/\/designwerk.li\/wp-content\/uploads\/2025\/04\/Portfolio-Silky-300x200.jpg 300w, https:\/\/designwerk.li\/wp-content\/uploads\/2025\/04\/Portfolio-Silky-768x512.jpg 768w\" sizes=\"(max-width: 900px) 100vw, 900px\" \/><\/div>\n<div class=\"qodef-pli-text-holder\" >\n\t<div class=\"qodef-pli-text-wrapper\">\n\t\t<div class=\"qodef-pli-text\">\n\t\t\t\t<h3 itemprop=\"name\" class=\"qodef-pli-title entry-title\" >\n\t\tSilky\t<\/h3>\n\n\t\t\t\n\t\t\t\n\t\t\t\t\t<\/div>\n\t<\/div>\n<\/div>\t\t<a itemprop=\"url\" class=\"qodef-pli-link qodef-block-drag-link\" href=\"https:\/\/designwerk.li\/fr\/design-furniture\/silky\/\" target=\"_self\"><\/a>\n\t<\/div>\n<\/article><article class=\"qodef-pl-item qodef-item-space  post-40782 portfolio-item type-portfolio-item status-publish has-post-thumbnail hentry portfolio-category-canape\">\n\t<div class=\"qodef-pl-item-inner\">\n\t\t<div class=\"qodef-pli-image\">\n\t<img decoding=\"async\" width=\"900\" height=\"600\" src=\"https:\/\/designwerk.li\/wp-content\/uploads\/2020\/11\/Portfolio-Temple-1-frontal.jpg\" class=\"attachment-full size-full wp-post-image\" alt=\"\" srcset=\"https:\/\/designwerk.li\/wp-content\/uploads\/2020\/11\/Portfolio-Temple-1-frontal.jpg 900w, https:\/\/designwerk.li\/wp-content\/uploads\/2020\/11\/Portfolio-Temple-1-frontal-300x200.jpg 300w, https:\/\/designwerk.li\/wp-content\/uploads\/2020\/11\/Portfolio-Temple-1-frontal-768x512.jpg 768w\" sizes=\"(max-width: 900px) 100vw, 900px\" \/><\/div>\n<div class=\"qodef-pli-text-holder\" >\n\t<div class=\"qodef-pli-text-wrapper\">\n\t\t<div class=\"qodef-pli-text\">\n\t\t\t\t<h3 itemprop=\"name\" class=\"qodef-pli-title entry-title\" >\n\t\tTemple\t<\/h3>\n\n\t\t\t\n\t\t\t\n\t\t\t\t\t<\/div>\n\t<\/div>\n<\/div>\t\t<a itemprop=\"url\" class=\"qodef-pli-link qodef-block-drag-link\" href=\"https:\/\/designwerk.li\/fr\/design-furniture\/temple\/\" target=\"_self\"><\/a>\n\t<\/div>\n<\/article><article class=\"qodef-pl-item qodef-item-space  post-40788 portfolio-item type-portfolio-item status-publish has-post-thumbnail hentry portfolio-category-canape\">\n\t<div class=\"qodef-pl-item-inner\">\n\t\t<div class=\"qodef-pli-image\">\n\t<img decoding=\"async\" width=\"900\" height=\"600\" src=\"https:\/\/designwerk.li\/wp-content\/uploads\/2022\/11\/Portfolio-Vola.jpg\" class=\"attachment-full size-full wp-post-image\" alt=\"\" srcset=\"https:\/\/designwerk.li\/wp-content\/uploads\/2022\/11\/Portfolio-Vola.jpg 900w, https:\/\/designwerk.li\/wp-content\/uploads\/2022\/11\/Portfolio-Vola-300x200.jpg 300w, https:\/\/designwerk.li\/wp-content\/uploads\/2022\/11\/Portfolio-Vola-768x512.jpg 768w\" sizes=\"(max-width: 900px) 100vw, 900px\" \/><\/div>\n<div class=\"qodef-pli-text-holder\" >\n\t<div class=\"qodef-pli-text-wrapper\">\n\t\t<div class=\"qodef-pli-text\">\n\t\t\t\t<h3 itemprop=\"name\" class=\"qodef-pli-title entry-title\" >\n\t\tVola\t<\/h3>\n\n\t\t\t\n\t\t\t\n\t\t\t\t\t<\/div>\n\t<\/div>\n<\/div>\t\t<a itemprop=\"url\" class=\"qodef-pli-link qodef-block-drag-link\" href=\"https:\/\/designwerk.li\/fr\/design-furniture\/vola\/\" target=\"_self\"><\/a>\n\t<\/div>\n<\/article>\t<\/div>\n\t\n\t<\/div>[\/vc_column][\/vc_row]<\/p>\n<\/div>","protected":false},"excerpt":{"rendered":"<p>[vc_row][vc_column][\/vc_column][\/vc_row][vc_row css=\u00a0\u00bb.vc_custom_1611651468490{padding-bottom: 110px !important;}\u00a0\u00bb][vc_column][\/vc_column][\/vc_row]<\/p>\n","protected":false},"author":3,"featured_media":0,"parent":0,"menu_order":0,"comment_status":"closed","ping_status":"closed","template":"","meta":{"_acf_changed":false,"footnotes":""},"class_list":["post-40138","page","type-page","status-publish","hentry"],"acf":[],"_links":{"self":[{"href":"https:\/\/designwerk.li\/fr\/wp-json\/wp\/v2\/pages\/40138","targetHints":{"allow":["GET"]}}],"collection":[{"href":"https:\/\/designwerk.li\/fr\/wp-json\/wp\/v2\/pages"}],"about":[{"href":"https:\/\/designwerk.li\/fr\/wp-json\/wp\/v2\/types\/page"}],"author":[{"embeddable":true,"href":"https:\/\/designwerk.li\/fr\/wp-json\/wp\/v2\/users\/3"}],"replies":[{"embeddable":true,"href":"https:\/\/designwerk.li\/fr\/wp-json\/wp\/v2\/comments?post=40138"}],"version-history":[{"count":2,"href":"https:\/\/designwerk.li\/fr\/wp-json\/wp\/v2\/pages\/40138\/revisions"}],"predecessor-version":[{"id":40140,"href":"https:\/\/designwerk.li\/fr\/wp-json\/wp\/v2\/pages\/40138\/revisions\/40140"}],"wp:attachment":[{"href":"https:\/\/designwerk.li\/fr\/wp-json\/wp\/v2\/media?parent=40138"}],"curies":[{"name":"wp","href":"https:\/\/api.w.org\/{rel}","templated":true}]}}