{"id":40136,"date":"2020-12-17T09:31:50","date_gmt":"2020-12-17T08:31:50","guid":{"rendered":"https:\/\/designwerk.li\/design-accessoires\/"},"modified":"2025-04-30T14:21:28","modified_gmt":"2025-04-30T12:21:28","slug":"design-accessoires","status":"publish","type":"page","link":"https:\/\/designwerk.li\/fr\/design-accessoires\/","title":{"rendered":"Accessoires"},"content":{"rendered":"<div class=\"wpb-content-wrapper\"><p>[vc_row][vc_column]<div class=\"qodef-elements-holder   qodef-one-column  qodef-responsive-mode-768 \" ><div class=\"qodef-eh-item   qodef-horizontal-alignment-center \"  data-item-class=\"qodef-eh-custom-5603\" data-681-768=\"0px 0px 0px 0px\" data-680=\"48px 0px 24px 0px\">\n\t<div class=\"qodef-eh-item-inner\">\n\t\t<div class=\"qodef-eh-item-content qodef-eh-custom-5603\" style=\"padding: 134px 26% 112px\">\n\t\t\t<div class=\"qodef-section-title-holder  qodef-st-standard qodef-st-title-left qodef-st-normal-space \" >\n\t<div class=\"qodef-st-inner\">\n\t\t\t\t\t<h2 class=\"qodef-st-title\" >\n\t\t\t\tAccessoires\t\t\t<\/h2>\n\t\t\t\t\t\t\t<h4 class=\"qodef-st-text\" style=\"color: #0a0a0a;line-height: 28px;font-weight: 300\">\n\t\t\t\tLes accessoires designwerk permettent d'apporter une touche personnelle \u00e0 chaque pi\u00e8ce de vie. M\u00eame lorsqu'il est temps de changer de papier peint, les accessoires permettent de transformer et de rafra\u00eechir.\t\t\t<\/h4>\n\t\t\t<\/div>\n<\/div>\t\t<\/div>\n\t<\/div>\n<\/div><\/div>[\/vc_column][\/vc_row][vc_row css=\u00a0\u00bb.vc_custom_1610695195520{padding-bottom: 110px !important;}\u00a0\u00bb][vc_column]<div class=\"qodef-portfolio-list-holder qodef-grid-list qodef-disable-bottom-space qodef-pl-gallery qodef-two-columns qodef-normal-space qodef-pl-standard-shader    qodef-pl-pag-no-pagination qodef-pl-has-filter qodef-pl-has-animation   \"  data-type=gallery data-number-of-columns=two data-space-between-items=normal data-number-of-items=-1 data-image-proportions=full data-enable-fixed-proportions=no data-enable-image-shadow=no data-category=accessoires data-orderby=title data-order=ASC data-item-style=standard-shader data-enable-title=yes data-title-tag=h3 data-enable-category=no data-enable-count-images=yes data-enable-excerpt=no data-excerpt-length=20 data-pagination-type=no-pagination data-filter=yes data-filter-order-by=name data-enable-article-animation=yes data-portfolio-slider-on=no data-enable-loop=yes data-enable-autoplay=yes data-slider-speed=5000 data-slider-speed-animation=600 data-enable-navigation=yes data-enable-pagination=yes data-max-num-pages=0 data-next-page=2>\n\t\t<div class=\"qodef-pl-filter-holder\" >\n\t\t<div class=\"qodef-plf-inner\">\n\t\t\t\t\t\t\t<ul >\n\t\t\t\t\t<li class=\"qodef-pl-filter\" data-filter=\"\">\n\t\t\t\t\t\t<span>Show all<\/span>\n\t\t\t\t\t<\/li>\n\t\t\t\t\t\t\t\t\t\t\t<li class=\"qodef-pl-filter\" data-filter=\".portfolio-category-meubles-d-appoint\">\n\t\t\t\t\t\t\t<span>Meubles d&#039;appoint<\/span>\n\t\t\t\t\t\t<\/li>\n\t\t\t\t\t\t\t\t\t\t\t<li class=\"qodef-pl-filter\" data-filter=\".portfolio-category-options\">\n\t\t\t\t\t\t\t<span>Options<\/span>\n\t\t\t\t\t\t<\/li>\n\t\t\t\t\t\t\t\t\t\t\t<li class=\"qodef-pl-filter\" data-filter=\".portfolio-category-tapis\">\n\t\t\t\t\t\t\t<span>Tapis<\/span>\n\t\t\t\t\t\t<\/li>\n\t\t\t\t\t\t\t\t\t<\/ul>\n\t\t\t\t\t<\/div>\n\t<\/div>\n\t<div class=\"qodef-pl-inner qodef-outer-space  clearfix\">\n\t\t<article class=\"qodef-pl-item qodef-item-space  post-40814 portfolio-item type-portfolio-item status-publish has-post-thumbnail hentry portfolio-category-accessoires-fr portfolio-category-meubles-d-appoint\">\n\t<div class=\"qodef-pl-item-inner\">\n\t\t<div class=\"qodef-pli-image\">\n\t<img decoding=\"async\" width=\"900\" height=\"600\" src=\"https:\/\/designwerk.li\/wp-content\/uploads\/2022\/01\/Portfolio-C-Table.jpg\" class=\"attachment-full size-full wp-post-image\" alt=\"\" srcset=\"https:\/\/designwerk.li\/wp-content\/uploads\/2022\/01\/Portfolio-C-Table.jpg 900w, https:\/\/designwerk.li\/wp-content\/uploads\/2022\/01\/Portfolio-C-Table-300x200.jpg 300w, https:\/\/designwerk.li\/wp-content\/uploads\/2022\/01\/Portfolio-C-Table-768x512.jpg 768w\" sizes=\"(max-width: 900px) 100vw, 900px\" \/><\/div>\n<div class=\"qodef-pli-text-holder\" >\n\t<div class=\"qodef-pli-text-wrapper\">\n\t\t<div class=\"qodef-pli-text\">\n\t\t\t\t<h3 itemprop=\"name\" class=\"qodef-pli-title entry-title\" >\n\t\tC-Table\t<\/h3>\n\n\t\t\t\n\t\t\t\n\t\t\t\t\t<\/div>\n\t<\/div>\n<\/div>\t\t<a itemprop=\"url\" class=\"qodef-pli-link qodef-block-drag-link\" href=\"https:\/\/designwerk.li\/fr\/design-furniture\/c-table\/\" target=\"_self\"><\/a>\n\t<\/div>\n<\/article><article class=\"qodef-pl-item qodef-item-space  post-40837 portfolio-item type-portfolio-item status-publish has-post-thumbnail hentry portfolio-category-accessoires-fr portfolio-category-meubles-d-appoint\">\n\t<div class=\"qodef-pl-item-inner\">\n\t\t<div class=\"qodef-pli-image\">\n\t<img decoding=\"async\" width=\"900\" height=\"600\" src=\"https:\/\/designwerk.li\/wp-content\/uploads\/2022\/01\/Portfolio-Center-Leg.jpg\" class=\"attachment-full size-full wp-post-image\" alt=\"\" srcset=\"https:\/\/designwerk.li\/wp-content\/uploads\/2022\/01\/Portfolio-Center-Leg.jpg 900w, https:\/\/designwerk.li\/wp-content\/uploads\/2022\/01\/Portfolio-Center-Leg-300x200.jpg 300w, https:\/\/designwerk.li\/wp-content\/uploads\/2022\/01\/Portfolio-Center-Leg-768x512.jpg 768w\" sizes=\"(max-width: 900px) 100vw, 900px\" \/><\/div>\n<div class=\"qodef-pli-text-holder\" >\n\t<div class=\"qodef-pli-text-wrapper\">\n\t\t<div class=\"qodef-pli-text\">\n\t\t\t\t<h3 itemprop=\"name\" class=\"qodef-pli-title entry-title\" >\n\t\tCenter Leg\t<\/h3>\n\n\t\t\t\n\t\t\t\n\t\t\t\t\t<\/div>\n\t<\/div>\n<\/div>\t\t<a itemprop=\"url\" class=\"qodef-pli-link qodef-block-drag-link\" href=\"https:\/\/designwerk.li\/fr\/design-furniture\/center-leg\/\" target=\"_self\"><\/a>\n\t<\/div>\n<\/article><article class=\"qodef-pl-item qodef-item-space  post-40851 portfolio-item type-portfolio-item status-publish has-post-thumbnail hentry portfolio-category-accessoires-fr portfolio-category-meubles-d-appoint\">\n\t<div class=\"qodef-pl-item-inner\">\n\t\t<div class=\"qodef-pli-image\">\n\t<img decoding=\"async\" width=\"900\" height=\"600\" src=\"https:\/\/designwerk.li\/wp-content\/uploads\/2022\/01\/Portfolio-Konsole.jpg\" class=\"attachment-full size-full wp-post-image\" alt=\"\" srcset=\"https:\/\/designwerk.li\/wp-content\/uploads\/2022\/01\/Portfolio-Konsole.jpg 900w, https:\/\/designwerk.li\/wp-content\/uploads\/2022\/01\/Portfolio-Konsole-300x200.jpg 300w, https:\/\/designwerk.li\/wp-content\/uploads\/2022\/01\/Portfolio-Konsole-768x512.jpg 768w\" sizes=\"(max-width: 900px) 100vw, 900px\" \/><\/div>\n<div class=\"qodef-pli-text-holder\" >\n\t<div class=\"qodef-pli-text-wrapper\">\n\t\t<div class=\"qodef-pli-text\">\n\t\t\t\t<h3 itemprop=\"name\" class=\"qodef-pli-title entry-title\" >\n\t\tConsoles (set)\t<\/h3>\n\n\t\t\t\n\t\t\t\n\t\t\t\t\t<\/div>\n\t<\/div>\n<\/div>\t\t<a itemprop=\"url\" class=\"qodef-pli-link qodef-block-drag-link\" href=\"https:\/\/designwerk.li\/fr\/design-furniture\/consoles-set\/\" target=\"_self\"><\/a>\n\t<\/div>\n<\/article><article class=\"qodef-pl-item qodef-item-space  post-40857 portfolio-item type-portfolio-item status-publish has-post-thumbnail hentry portfolio-category-accessoires-fr portfolio-category-meubles-d-appoint\">\n\t<div class=\"qodef-pl-item-inner\">\n\t\t<div class=\"qodef-pli-image\">\n\t<img decoding=\"async\" width=\"900\" height=\"600\" src=\"https:\/\/designwerk.li\/wp-content\/uploads\/2022\/01\/Portfolio-Konsole-high-small.jpg\" class=\"attachment-full size-full wp-post-image\" alt=\"\" srcset=\"https:\/\/designwerk.li\/wp-content\/uploads\/2022\/01\/Portfolio-Konsole-high-small.jpg 900w, https:\/\/designwerk.li\/wp-content\/uploads\/2022\/01\/Portfolio-Konsole-high-small-300x200.jpg 300w, https:\/\/designwerk.li\/wp-content\/uploads\/2022\/01\/Portfolio-Konsole-high-small-768x512.jpg 768w\" sizes=\"(max-width: 900px) 100vw, 900px\" \/><\/div>\n<div class=\"qodef-pli-text-holder\" >\n\t<div class=\"qodef-pli-text-wrapper\">\n\t\t<div class=\"qodef-pli-text\">\n\t\t\t\t<h3 itemprop=\"name\" class=\"qodef-pli-title entry-title\" >\n\t\tConsoles (small &#038; high)\t<\/h3>\n\n\t\t\t\n\t\t\t\n\t\t\t\t\t<\/div>\n\t<\/div>\n<\/div>\t\t<a itemprop=\"url\" class=\"qodef-pli-link qodef-block-drag-link\" href=\"https:\/\/designwerk.li\/fr\/design-furniture\/consoles-small-high\/\" target=\"_self\"><\/a>\n\t<\/div>\n<\/article><article class=\"qodef-pl-item qodef-item-space  post-40893 portfolio-item type-portfolio-item status-publish has-post-thumbnail hentry portfolio-category-accessoires-fr portfolio-category-options\">\n\t<div class=\"qodef-pl-item-inner\">\n\t\t<div class=\"qodef-pli-image\">\n\t<img decoding=\"async\" width=\"900\" height=\"600\" src=\"https:\/\/designwerk.li\/wp-content\/uploads\/2024\/03\/Portfolio-Flatterkissen.jpg\" class=\"attachment-full size-full wp-post-image\" alt=\"\" srcset=\"https:\/\/designwerk.li\/wp-content\/uploads\/2024\/03\/Portfolio-Flatterkissen.jpg 900w, https:\/\/designwerk.li\/wp-content\/uploads\/2024\/03\/Portfolio-Flatterkissen-300x200.jpg 300w, https:\/\/designwerk.li\/wp-content\/uploads\/2024\/03\/Portfolio-Flatterkissen-768x512.jpg 768w\" sizes=\"(max-width: 900px) 100vw, 900px\" \/><\/div>\n<div class=\"qodef-pli-text-holder\" >\n\t<div class=\"qodef-pli-text-wrapper\">\n\t\t<div class=\"qodef-pli-text\">\n\t\t\t\t<h3 itemprop=\"name\" class=\"qodef-pli-title entry-title\" >\n\t\tCoussin \u00e0 bordure\t<\/h3>\n\n\t\t\t\n\t\t\t\n\t\t\t\t\t<\/div>\n\t<\/div>\n<\/div>\t\t<a itemprop=\"url\" class=\"qodef-pli-link qodef-block-drag-link\" href=\"https:\/\/designwerk.li\/fr\/design-furniture\/coussin-a-bordure\/\" target=\"_self\"><\/a>\n\t<\/div>\n<\/article><article class=\"qodef-pl-item qodef-item-space  post-40899 portfolio-item type-portfolio-item status-publish has-post-thumbnail hentry portfolio-category-accessoires-fr portfolio-category-options\">\n\t<div class=\"qodef-pl-item-inner\">\n\t\t<div class=\"qodef-pli-image\">\n\t<img decoding=\"async\" width=\"900\" height=\"600\" src=\"https:\/\/designwerk.li\/wp-content\/uploads\/2021\/05\/Portfolio-Nierenkissen.jpg\" class=\"attachment-full size-full wp-post-image\" alt=\"\" srcset=\"https:\/\/designwerk.li\/wp-content\/uploads\/2021\/05\/Portfolio-Nierenkissen.jpg 900w, https:\/\/designwerk.li\/wp-content\/uploads\/2021\/05\/Portfolio-Nierenkissen-300x200.jpg 300w, https:\/\/designwerk.li\/wp-content\/uploads\/2021\/05\/Portfolio-Nierenkissen-768x512.jpg 768w\" sizes=\"(max-width: 900px) 100vw, 900px\" \/><\/div>\n<div class=\"qodef-pli-text-holder\" >\n\t<div class=\"qodef-pli-text-wrapper\">\n\t\t<div class=\"qodef-pli-text\">\n\t\t\t\t<h3 itemprop=\"name\" class=\"qodef-pli-title entry-title\" >\n\t\tCoussin cale-dos\t<\/h3>\n\n\t\t\t\n\t\t\t\n\t\t\t\t\t<\/div>\n\t<\/div>\n<\/div>\t\t<a itemprop=\"url\" class=\"qodef-pli-link qodef-block-drag-link\" href=\"https:\/\/designwerk.li\/fr\/design-furniture\/coussin-cale-dos\/\" target=\"_self\"><\/a>\n\t<\/div>\n<\/article><article class=\"qodef-pl-item qodef-item-space  post-40917 portfolio-item type-portfolio-item status-publish has-post-thumbnail hentry portfolio-category-accessoires-fr portfolio-category-options\">\n\t<div class=\"qodef-pl-item-inner\">\n\t\t<div class=\"qodef-pli-image\">\n\t<img decoding=\"async\" width=\"900\" height=\"600\" src=\"https:\/\/designwerk.li\/wp-content\/uploads\/2021\/05\/Portfolio-Wurfkissen-1.jpg\" class=\"attachment-full size-full wp-post-image\" alt=\"\" srcset=\"https:\/\/designwerk.li\/wp-content\/uploads\/2021\/05\/Portfolio-Wurfkissen-1.jpg 900w, https:\/\/designwerk.li\/wp-content\/uploads\/2021\/05\/Portfolio-Wurfkissen-1-300x200.jpg 300w, https:\/\/designwerk.li\/wp-content\/uploads\/2021\/05\/Portfolio-Wurfkissen-1-768x512.jpg 768w\" sizes=\"(max-width: 900px) 100vw, 900px\" \/><\/div>\n<div class=\"qodef-pli-text-holder\" >\n\t<div class=\"qodef-pli-text-wrapper\">\n\t\t<div class=\"qodef-pli-text\">\n\t\t\t\t<h3 itemprop=\"name\" class=\"qodef-pli-title entry-title\" >\n\t\tCoussin d\u00e9co\t<\/h3>\n\n\t\t\t\n\t\t\t\n\t\t\t\t\t<\/div>\n\t<\/div>\n<\/div>\t\t<a itemprop=\"url\" class=\"qodef-pli-link qodef-block-drag-link\" href=\"https:\/\/designwerk.li\/fr\/design-furniture\/coussin-deco\/\" target=\"_self\"><\/a>\n\t<\/div>\n<\/article><article class=\"qodef-pl-item qodef-item-space  post-40911 portfolio-item type-portfolio-item status-publish has-post-thumbnail hentry portfolio-category-accessoires-fr portfolio-category-options\">\n\t<div class=\"qodef-pl-item-inner\">\n\t\t<div class=\"qodef-pli-image\">\n\t<img decoding=\"async\" width=\"900\" height=\"600\" src=\"https:\/\/designwerk.li\/wp-content\/uploads\/2021\/05\/Portfolio-Rueckenkissen-1.jpg\" class=\"attachment-full size-full wp-post-image\" alt=\"\" srcset=\"https:\/\/designwerk.li\/wp-content\/uploads\/2021\/05\/Portfolio-Rueckenkissen-1.jpg 900w, https:\/\/designwerk.li\/wp-content\/uploads\/2021\/05\/Portfolio-Rueckenkissen-1-300x200.jpg 300w, https:\/\/designwerk.li\/wp-content\/uploads\/2021\/05\/Portfolio-Rueckenkissen-1-768x512.jpg 768w\" sizes=\"(max-width: 900px) 100vw, 900px\" \/><\/div>\n<div class=\"qodef-pli-text-holder\" >\n\t<div class=\"qodef-pli-text-wrapper\">\n\t\t<div class=\"qodef-pli-text\">\n\t\t\t\t<h3 itemprop=\"name\" class=\"qodef-pli-title entry-title\" >\n\t\tCoussin dorsal\t<\/h3>\n\n\t\t\t\n\t\t\t\n\t\t\t\t\t<\/div>\n\t<\/div>\n<\/div>\t\t<a itemprop=\"url\" class=\"qodef-pli-link qodef-block-drag-link\" href=\"https:\/\/designwerk.li\/fr\/design-furniture\/coussin-dorsal\/\" target=\"_self\"><\/a>\n\t<\/div>\n<\/article><article class=\"qodef-pl-item qodef-item-space  post-40905 portfolio-item type-portfolio-item status-publish has-post-thumbnail hentry portfolio-category-accessoires-fr portfolio-category-options\">\n\t<div class=\"qodef-pl-item-inner\">\n\t\t<div class=\"qodef-pli-image\">\n\t<img decoding=\"async\" width=\"900\" height=\"600\" src=\"https:\/\/designwerk.li\/wp-content\/uploads\/2021\/05\/Portfolio-Reversekissen.jpg\" class=\"attachment-full size-full wp-post-image\" alt=\"\" srcset=\"https:\/\/designwerk.li\/wp-content\/uploads\/2021\/05\/Portfolio-Reversekissen.jpg 900w, https:\/\/designwerk.li\/wp-content\/uploads\/2021\/05\/Portfolio-Reversekissen-300x200.jpg 300w, https:\/\/designwerk.li\/wp-content\/uploads\/2021\/05\/Portfolio-Reversekissen-768x512.jpg 768w\" sizes=\"(max-width: 900px) 100vw, 900px\" \/><\/div>\n<div class=\"qodef-pli-text-holder\" >\n\t<div class=\"qodef-pli-text-wrapper\">\n\t\t<div class=\"qodef-pli-text\">\n\t\t\t\t<h3 itemprop=\"name\" class=\"qodef-pli-title entry-title\" >\n\t\tCoussin r\u00e9versible\t<\/h3>\n\n\t\t\t\n\t\t\t\n\t\t\t\t\t<\/div>\n\t<\/div>\n<\/div>\t\t<a itemprop=\"url\" class=\"qodef-pli-link qodef-block-drag-link\" href=\"https:\/\/designwerk.li\/fr\/design-furniture\/coussin-reversible\/\" target=\"_self\"><\/a>\n\t<\/div>\n<\/article><article class=\"qodef-pl-item qodef-item-space  post-42248 portfolio-item type-portfolio-item status-publish has-post-thumbnail hentry portfolio-category-accessoires-fr portfolio-category-options\">\n\t<div class=\"qodef-pl-item-inner\">\n\t\t<div class=\"qodef-pli-image\">\n\t<img decoding=\"async\" width=\"900\" height=\"600\" src=\"https:\/\/designwerk.li\/wp-content\/uploads\/2023\/05\/Portfolio-Rundkissen.jpg\" class=\"attachment-full size-full wp-post-image\" alt=\"\" \/><\/div>\n<div class=\"qodef-pli-text-holder\" >\n\t<div class=\"qodef-pli-text-wrapper\">\n\t\t<div class=\"qodef-pli-text\">\n\t\t\t\t<h3 itemprop=\"name\" class=\"qodef-pli-title entry-title\" >\n\t\tCoussin rond\t<\/h3>\n\n\t\t\t\n\t\t\t\n\t\t\t\t\t<\/div>\n\t<\/div>\n<\/div>\t\t<a itemprop=\"url\" class=\"qodef-pli-link qodef-block-drag-link\" href=\"https:\/\/designwerk.li\/fr\/design-furniture\/coussin-rond\/\" target=\"_self\"><\/a>\n\t<\/div>\n<\/article><article class=\"qodef-pl-item qodef-item-space  post-40844 portfolio-item type-portfolio-item status-publish has-post-thumbnail hentry portfolio-category-accessoires-fr portfolio-category-meubles-d-appoint\">\n\t<div class=\"qodef-pl-item-inner\">\n\t\t<div class=\"qodef-pli-image\">\n\t<img decoding=\"async\" width=\"900\" height=\"600\" src=\"https:\/\/designwerk.li\/wp-content\/uploads\/2022\/01\/Portfolio-Four-Leg.jpg\" class=\"attachment-full size-full wp-post-image\" alt=\"\" srcset=\"https:\/\/designwerk.li\/wp-content\/uploads\/2022\/01\/Portfolio-Four-Leg.jpg 900w, https:\/\/designwerk.li\/wp-content\/uploads\/2022\/01\/Portfolio-Four-Leg-300x200.jpg 300w, https:\/\/designwerk.li\/wp-content\/uploads\/2022\/01\/Portfolio-Four-Leg-768x512.jpg 768w\" sizes=\"(max-width: 900px) 100vw, 900px\" \/><\/div>\n<div class=\"qodef-pli-text-holder\" >\n\t<div class=\"qodef-pli-text-wrapper\">\n\t\t<div class=\"qodef-pli-text\">\n\t\t\t\t<h3 itemprop=\"name\" class=\"qodef-pli-title entry-title\" >\n\t\tFour Leg\t<\/h3>\n\n\t\t\t\n\t\t\t\n\t\t\t\t\t<\/div>\n\t<\/div>\n<\/div>\t\t<a itemprop=\"url\" class=\"qodef-pli-link qodef-block-drag-link\" href=\"https:\/\/designwerk.li\/fr\/design-furniture\/four-leg\/\" target=\"_self\"><\/a>\n\t<\/div>\n<\/article><article class=\"qodef-pl-item qodef-item-space  post-40863 portfolio-item type-portfolio-item status-publish has-post-thumbnail hentry portfolio-category-accessoires-fr portfolio-category-meubles-d-appoint\">\n\t<div class=\"qodef-pl-item-inner\">\n\t\t<div class=\"qodef-pli-image\">\n\t<img decoding=\"async\" width=\"900\" height=\"600\" src=\"https:\/\/designwerk.li\/wp-content\/uploads\/2022\/01\/Portfolio-Lowboard.jpg\" class=\"attachment-full size-full wp-post-image\" alt=\"\" srcset=\"https:\/\/designwerk.li\/wp-content\/uploads\/2022\/01\/Portfolio-Lowboard.jpg 900w, https:\/\/designwerk.li\/wp-content\/uploads\/2022\/01\/Portfolio-Lowboard-300x200.jpg 300w, https:\/\/designwerk.li\/wp-content\/uploads\/2022\/01\/Portfolio-Lowboard-768x512.jpg 768w\" sizes=\"(max-width: 900px) 100vw, 900px\" \/><\/div>\n<div class=\"qodef-pli-text-holder\" >\n\t<div class=\"qodef-pli-text-wrapper\">\n\t\t<div class=\"qodef-pli-text\">\n\t\t\t\t<h3 itemprop=\"name\" class=\"qodef-pli-title entry-title\" >\n\t\tLowboard\t<\/h3>\n\n\t\t\t\n\t\t\t\n\t\t\t\t\t<\/div>\n\t<\/div>\n<\/div>\t\t<a itemprop=\"url\" class=\"qodef-pli-link qodef-block-drag-link\" href=\"https:\/\/designwerk.li\/fr\/design-furniture\/lowboard\/\" target=\"_self\"><\/a>\n\t<\/div>\n<\/article><article class=\"qodef-pl-item qodef-item-space  post-40869 portfolio-item type-portfolio-item status-publish has-post-thumbnail hentry portfolio-category-accessoires-fr portfolio-category-meubles-d-appoint\">\n\t<div class=\"qodef-pl-item-inner\">\n\t\t<div class=\"qodef-pli-image\">\n\t<img decoding=\"async\" width=\"900\" height=\"600\" src=\"https:\/\/designwerk.li\/wp-content\/uploads\/2022\/01\/Portfolio-One-Blade-1.jpg\" class=\"attachment-full size-full wp-post-image\" alt=\"\" srcset=\"https:\/\/designwerk.li\/wp-content\/uploads\/2022\/01\/Portfolio-One-Blade-1.jpg 900w, https:\/\/designwerk.li\/wp-content\/uploads\/2022\/01\/Portfolio-One-Blade-1-300x200.jpg 300w, https:\/\/designwerk.li\/wp-content\/uploads\/2022\/01\/Portfolio-One-Blade-1-768x512.jpg 768w\" sizes=\"(max-width: 900px) 100vw, 900px\" \/><\/div>\n<div class=\"qodef-pli-text-holder\" >\n\t<div class=\"qodef-pli-text-wrapper\">\n\t\t<div class=\"qodef-pli-text\">\n\t\t\t\t<h3 itemprop=\"name\" class=\"qodef-pli-title entry-title\" >\n\t\tOne Blade\t<\/h3>\n\n\t\t\t\n\t\t\t\n\t\t\t\t\t<\/div>\n\t<\/div>\n<\/div>\t\t<a itemprop=\"url\" class=\"qodef-pli-link qodef-block-drag-link\" href=\"https:\/\/designwerk.li\/fr\/design-furniture\/one-blade\/\" target=\"_self\"><\/a>\n\t<\/div>\n<\/article><article class=\"qodef-pl-item qodef-item-space  post-40881 portfolio-item type-portfolio-item status-publish has-post-thumbnail hentry portfolio-category-accessoires-fr portfolio-category-options\">\n\t<div class=\"qodef-pl-item-inner\">\n\t\t<div class=\"qodef-pli-image\">\n\t<img decoding=\"async\" width=\"900\" height=\"600\" src=\"https:\/\/designwerk.li\/wp-content\/uploads\/2026\/02\/Portfolio-Rondo-Maxi.jpg\" class=\"attachment-full size-full wp-post-image\" alt=\"\" srcset=\"https:\/\/designwerk.li\/wp-content\/uploads\/2026\/02\/Portfolio-Rondo-Maxi.jpg 900w, https:\/\/designwerk.li\/wp-content\/uploads\/2026\/02\/Portfolio-Rondo-Maxi-300x200.jpg 300w, https:\/\/designwerk.li\/wp-content\/uploads\/2026\/02\/Portfolio-Rondo-Maxi-768x512.jpg 768w\" sizes=\"(max-width: 900px) 100vw, 900px\" \/><\/div>\n<div class=\"qodef-pli-text-holder\" >\n\t<div class=\"qodef-pli-text-wrapper\">\n\t\t<div class=\"qodef-pli-text\">\n\t\t\t\t<h3 itemprop=\"name\" class=\"qodef-pli-title entry-title\" >\n\t\tRondo\t<\/h3>\n\n\t\t\t\n\t\t\t\n\t\t\t\t\t<\/div>\n\t<\/div>\n<\/div>\t\t<a itemprop=\"url\" class=\"qodef-pli-link qodef-block-drag-link\" href=\"https:\/\/designwerk.li\/fr\/design-furniture\/rondo\/\" target=\"_self\"><\/a>\n\t<\/div>\n<\/article><article class=\"qodef-pl-item qodef-item-space  post-40887 portfolio-item type-portfolio-item status-publish has-post-thumbnail hentry portfolio-category-accessoires-fr portfolio-category-tapis\">\n\t<div class=\"qodef-pl-item-inner\">\n\t\t<div class=\"qodef-pli-image\">\n\t<img decoding=\"async\" width=\"900\" height=\"600\" src=\"https:\/\/designwerk.li\/wp-content\/uploads\/2022\/03\/Portfolio-Sense.jpg\" class=\"attachment-full size-full wp-post-image\" alt=\"\" srcset=\"https:\/\/designwerk.li\/wp-content\/uploads\/2022\/03\/Portfolio-Sense.jpg 900w, https:\/\/designwerk.li\/wp-content\/uploads\/2022\/03\/Portfolio-Sense-300x200.jpg 300w, https:\/\/designwerk.li\/wp-content\/uploads\/2022\/03\/Portfolio-Sense-768x512.jpg 768w\" sizes=\"(max-width: 900px) 100vw, 900px\" \/><\/div>\n<div class=\"qodef-pli-text-holder\" >\n\t<div class=\"qodef-pli-text-wrapper\">\n\t\t<div class=\"qodef-pli-text\">\n\t\t\t\t<h3 itemprop=\"name\" class=\"qodef-pli-title entry-title\" >\n\t\tTapis Oria\t<\/h3>\n\n\t\t\t\n\t\t\t\n\t\t\t\t\t<\/div>\n\t<\/div>\n<\/div>\t\t<a itemprop=\"url\" class=\"qodef-pli-link qodef-block-drag-link\" href=\"https:\/\/designwerk.li\/fr\/design-furniture\/tapis-oria\/\" target=\"_self\"><\/a>\n\t<\/div>\n<\/article><article class=\"qodef-pl-item qodef-item-space  post-40875 portfolio-item type-portfolio-item status-publish has-post-thumbnail hentry portfolio-category-accessoires-fr portfolio-category-meubles-d-appoint\">\n\t<div class=\"qodef-pl-item-inner\">\n\t\t<div class=\"qodef-pli-image\">\n\t<img decoding=\"async\" width=\"900\" height=\"600\" src=\"https:\/\/designwerk.li\/wp-content\/uploads\/2022\/01\/Portfolio-Tower.jpg\" class=\"attachment-full size-full wp-post-image\" alt=\"\" srcset=\"https:\/\/designwerk.li\/wp-content\/uploads\/2022\/01\/Portfolio-Tower.jpg 900w, https:\/\/designwerk.li\/wp-content\/uploads\/2022\/01\/Portfolio-Tower-300x200.jpg 300w, https:\/\/designwerk.li\/wp-content\/uploads\/2022\/01\/Portfolio-Tower-768x512.jpg 768w\" sizes=\"(max-width: 900px) 100vw, 900px\" \/><\/div>\n<div class=\"qodef-pli-text-holder\" >\n\t<div class=\"qodef-pli-text-wrapper\">\n\t\t<div class=\"qodef-pli-text\">\n\t\t\t\t<h3 itemprop=\"name\" class=\"qodef-pli-title entry-title\" >\n\t\tTower\t<\/h3>\n\n\t\t\t\n\t\t\t\n\t\t\t\t\t<\/div>\n\t<\/div>\n<\/div>\t\t<a itemprop=\"url\" class=\"qodef-pli-link qodef-block-drag-link\" href=\"https:\/\/designwerk.li\/fr\/design-furniture\/tower\/\" target=\"_self\"><\/a>\n\t<\/div>\n<\/article>\t<\/div>\n\t\n\t<\/div>[\/vc_column][\/vc_row]<\/p>\n<\/div>","protected":false},"excerpt":{"rendered":"<p>[vc_row][vc_column][\/vc_column][\/vc_row][vc_row css=\u00a0\u00bb.vc_custom_1610695195520{padding-bottom: 110px !important;}\u00a0\u00bb][vc_column][\/vc_column][\/vc_row]<\/p>\n","protected":false},"author":3,"featured_media":0,"parent":0,"menu_order":0,"comment_status":"closed","ping_status":"closed","template":"","meta":{"_acf_changed":false,"footnotes":""},"class_list":["post-40136","page","type-page","status-publish","hentry"],"acf":[],"_links":{"self":[{"href":"https:\/\/designwerk.li\/fr\/wp-json\/wp\/v2\/pages\/40136","targetHints":{"allow":["GET"]}}],"collection":[{"href":"https:\/\/designwerk.li\/fr\/wp-json\/wp\/v2\/pages"}],"about":[{"href":"https:\/\/designwerk.li\/fr\/wp-json\/wp\/v2\/types\/page"}],"author":[{"embeddable":true,"href":"https:\/\/designwerk.li\/fr\/wp-json\/wp\/v2\/users\/3"}],"replies":[{"embeddable":true,"href":"https:\/\/designwerk.li\/fr\/wp-json\/wp\/v2\/comments?post=40136"}],"version-history":[{"count":1,"href":"https:\/\/designwerk.li\/fr\/wp-json\/wp\/v2\/pages\/40136\/revisions"}],"predecessor-version":[{"id":40137,"href":"https:\/\/designwerk.li\/fr\/wp-json\/wp\/v2\/pages\/40136\/revisions\/40137"}],"wp:attachment":[{"href":"https:\/\/designwerk.li\/fr\/wp-json\/wp\/v2\/media?parent=40136"}],"curies":[{"name":"wp","href":"https:\/\/api.w.org\/{rel}","templated":true}]}}