{"id":38989,"date":"2024-02-20T15:40:36","date_gmt":"2024-02-20T14:40:36","guid":{"rendered":"https:\/\/designwerk.li\/?page_id=38989"},"modified":"2024-10-22T10:30:42","modified_gmt":"2024-10-22T08:30:42","slug":"compliance","status":"publish","type":"page","link":"https:\/\/designwerk.li\/en\/compliance\/","title":{"rendered":"compliance"},"content":{"rendered":"<div class=\"wpb-content-wrapper\"><p>[vc_row][vc_column][vc_column_text]<\/p>\n<h1>designwerk code of conduct<\/h1>\n<p>We demand that our employees and partners, such as suppliers and service providers, behave in a legally compliant, ecologically and socially responsible manner. All employees and partners are therefore obliged to comply with applicable laws and this Code of Conduct as part of their work for designwerk and its affiliated companies.[\/vc_column_text][\/vc_column][\/vc_row][vc_row][vc_column][vc_empty_space][\/vc_column][\/vc_row][vc_row][vc_column]<div class=\"qodef-elements-holder   qodef-one-column  qodef-responsive-mode-768 \" ><div class=\"qodef-eh-item    \"  data-item-class=\"qodef-eh-custom-9210\">\n\t<div class=\"qodef-eh-item-inner\">\n\t\t<div class=\"qodef-eh-item-content qodef-eh-custom-9210\" >\n\t\t\t<a itemprop=\"url\" href=\"https:\/\/designwerk.li\/wp-content\/uploads\/2024\/02\/Code-of-Conduct_designwerk_EN.pdf\" target=\"_blank\"  class=\"qodef-btn qodef-btn-medium qodef-btn-simple qodef-btn-icon\"  >\n    <span class=\"qodef-btn-text\">COC designwerk (EN)<\/span>\n    <i class=\"qodef-icon-font-awesome fa fa-file-pdf \" ><\/i><\/a>\t\t<\/div>\n\t<\/div>\n<\/div><\/div><div class=\"qodef-elements-holder   qodef-one-column  qodef-responsive-mode-768 \" ><div class=\"qodef-eh-item    \"  data-item-class=\"qodef-eh-custom-2068\">\n\t<div class=\"qodef-eh-item-inner\">\n\t\t<div class=\"qodef-eh-item-content qodef-eh-custom-2068\" >\n\t\t\t<a itemprop=\"url\" href=\"https:\/\/designwerk.li\/wp-content\/uploads\/2024\/10\/Code-of-Conduct_designwerk_PL.pdf\" target=\"_blank\"  class=\"qodef-btn qodef-btn-medium qodef-btn-simple qodef-btn-icon\"  >\n    <span class=\"qodef-btn-text\">Kodeks Post\u0119powania designwerk (PL)<\/span>\n    <i class=\"qodef-icon-font-awesome fa fa-file-pdf \" ><\/i><\/a>\t\t<\/div>\n\t<\/div>\n<\/div><\/div><div class=\"qodef-elements-holder   qodef-one-column  qodef-responsive-mode-768 \" ><div class=\"qodef-eh-item    \"  data-item-class=\"qodef-eh-custom-8747\">\n\t<div class=\"qodef-eh-item-inner\">\n\t\t<div class=\"qodef-eh-item-content qodef-eh-custom-8747\" >\n\t\t\t<a itemprop=\"url\" href=\"https:\/\/designwerk.li\/wp-content\/uploads\/2024\/10\/Code-of-Conduct_designwerk_RO.pdf\" target=\"_blank\"  class=\"qodef-btn qodef-btn-medium qodef-btn-simple qodef-btn-icon\"  >\n    <span class=\"qodef-btn-text\">Cod de conduita designwerk (RO)<\/span>\n    <i class=\"qodef-icon-font-awesome fa fa-file-pdf \" ><\/i><\/a>\t\t<\/div>\n\t<\/div>\n<\/div><\/div><div class=\"qodef-elements-holder   qodef-one-column  qodef-responsive-mode-768 \" ><div class=\"qodef-eh-item    \"  data-item-class=\"qodef-eh-custom-3524\">\n\t<div class=\"qodef-eh-item-inner\">\n\t\t<div class=\"qodef-eh-item-content qodef-eh-custom-3524\" >\n\t\t\t<a itemprop=\"url\" href=\"https:\/\/designwerk.li\/wp-content\/uploads\/2024\/10\/Code-of-Conduct_designwerk_BIH.pdf\" target=\"_blank\"  class=\"qodef-btn qodef-btn-medium qodef-btn-simple qodef-btn-icon\"  >\n    <span class=\"qodef-btn-text\">Kodeks pona\u0161anja designwerk (BIH)<\/span>\n    <i class=\"qodef-icon-font-awesome fa fa-file-pdf \" ><\/i><\/a>\t\t<\/div>\n\t<\/div>\n<\/div><\/div>[\/vc_column][\/vc_row][vc_row][vc_column][vc_empty_space][\/vc_column][\/vc_row][vc_row][vc_column][vc_column_text]<\/p>\n<h1>complaint system<\/h1>\n<p>It is extremely important to the designwerk AG that the code of conduct is adhered to along the supply chain.<\/p>\n<p>A confidential reporting point is available to report violations of the Code of Conduct (<a class=\"mail-link\" data-enc-email=\"juvfgyroybjre[at]pbggn.yv\" data-wpel-link=\"ignore\"><span id=\"eeb-224645-257170\">whistleblower@designwerk.li<\/span><\/a>).<\/p>\n<p>All information provided, including the identity of the whistleblower, will be treated as strictly confidential.<\/p>\n<p>The complaint system relates to reports of unlawful behavior relating to human rights and environmental risks. General complaints as well as product and warranty inquiries will not be treated.[\/vc_column_text][\/vc_column][\/vc_row][vc_row][vc_column][vc_empty_space][\/vc_column][\/vc_row][vc_row][vc_column]<div class=\"qodef-elements-holder   qodef-one-column  qodef-responsive-mode-768 \" ><div class=\"qodef-eh-item    \"  data-item-class=\"qodef-eh-custom-9859\">\n\t<div class=\"qodef-eh-item-inner\">\n\t\t<div class=\"qodef-eh-item-content qodef-eh-custom-9859\" >\n\t\t\t<a itemprop=\"url\" href=\"https:\/\/designwerk.li\/wp-content\/uploads\/2024\/10\/Beschwerdewesen_designwerk_PL.pdf\" target=\"_blank\"  class=\"qodef-btn qodef-btn-medium qodef-btn-simple qodef-btn-icon\"  >\n    <span class=\"qodef-btn-text\">System zg\u0142aszania nieprawid\u0142owo\u015bci (PL)<\/span>\n    <i class=\"qodef-icon-font-awesome fa fa-file-pdf \" ><\/i><\/a>\t\t<\/div>\n\t<\/div>\n<\/div><\/div><div class=\"qodef-elements-holder   qodef-one-column  qodef-responsive-mode-768 \" ><div class=\"qodef-eh-item    \"  data-item-class=\"qodef-eh-custom-4625\">\n\t<div class=\"qodef-eh-item-inner\">\n\t\t<div class=\"qodef-eh-item-content qodef-eh-custom-4625\" >\n\t\t\t<a itemprop=\"url\" href=\"https:\/\/designwerk.li\/wp-content\/uploads\/2024\/10\/Beschwerdewesen_designwerk_RO.pdf\" target=\"_blank\"  class=\"qodef-btn qodef-btn-medium qodef-btn-simple qodef-btn-icon\"  >\n    <span class=\"qodef-btn-text\">Sistemul de reclamatii (RO)<\/span>\n    <i class=\"qodef-icon-font-awesome fa fa-file-pdf \" ><\/i><\/a>\t\t<\/div>\n\t<\/div>\n<\/div><\/div><div class=\"qodef-elements-holder   qodef-one-column  qodef-responsive-mode-768 \" ><div class=\"qodef-eh-item    \"  data-item-class=\"qodef-eh-custom-4855\">\n\t<div class=\"qodef-eh-item-inner\">\n\t\t<div class=\"qodef-eh-item-content qodef-eh-custom-4855\" >\n\t\t\t<a itemprop=\"url\" href=\"https:\/\/designwerk.li\/wp-content\/uploads\/2024\/10\/Beschwerdewesen_designwerk_BIH.pdf\" target=\"_blank\"  class=\"qodef-btn qodef-btn-medium qodef-btn-simple qodef-btn-icon\"  >\n    <span class=\"qodef-btn-text\">Sistem reklamacija (BIH)<\/span>\n    <i class=\"qodef-icon-font-awesome fa fa-file-pdf \" ><\/i><\/a>\t\t<\/div>\n\t<\/div>\n<\/div><\/div>[\/vc_column][\/vc_row][vc_row disable_element=&#8221;yes&#8221;][vc_column]<div class=\"qodef-elements-holder   qodef-one-column  qodef-responsive-mode-768 \" ><div class=\"qodef-eh-item    \"  data-item-class=\"qodef-eh-custom-3569\">\n\t<div class=\"qodef-eh-item-inner\">\n\t\t<div class=\"qodef-eh-item-content qodef-eh-custom-3569\" >\n\t\t\t<a itemprop=\"url\" href=\"https:\/\/designwerk.li\/wp-content\/uploads\/2023\/03\/dse_dw_Kunden_03-2023.pdf\" target=\"_blank\"  class=\"qodef-btn qodef-btn-medium qodef-btn-simple qodef-btn-icon\"  >\n    <span class=\"qodef-btn-text\">Datenschutzerkl\u00e4rung f\u00fcr Kunden<\/span>\n    <i class=\"qodef-icon-font-awesome fa fa-file-pdf \" ><\/i><\/a>\t\t<\/div>\n\t<\/div>\n<\/div><\/div>[\/vc_column][\/vc_row][vc_row disable_element=&#8221;yes&#8221;][vc_column]<div class=\"qodef-elements-holder   qodef-one-column  qodef-responsive-mode-768 \" ><div class=\"qodef-eh-item    \"  data-item-class=\"qodef-eh-custom-8485\">\n\t<div class=\"qodef-eh-item-inner\">\n\t\t<div class=\"qodef-eh-item-content qodef-eh-custom-8485\" >\n\t\t\t<a itemprop=\"url\" href=\"https:\/\/designwerk.li\/wp-content\/uploads\/2023\/03\/dse_dw_Endkunden_03-2023.pdf\" target=\"_blank\"  class=\"qodef-btn qodef-btn-medium qodef-btn-simple qodef-btn-icon\"  >\n    <span class=\"qodef-btn-text\">Datenschutzerkl\u00e4rung f\u00fcr Endkunden<\/span>\n    <i class=\"qodef-icon-font-awesome fa fa-file-pdf \" ><\/i><\/a>\t\t<\/div>\n\t<\/div>\n<\/div><\/div>[\/vc_column][\/vc_row][vc_row disable_element=&#8221;yes&#8221;][vc_column]<div class=\"qodef-elements-holder   qodef-one-column  qodef-responsive-mode-768 \" ><div class=\"qodef-eh-item    \"  data-item-class=\"qodef-eh-custom-8322\">\n\t<div class=\"qodef-eh-item-inner\">\n\t\t<div class=\"qodef-eh-item-content qodef-eh-custom-8322\" >\n\t\t\t<a itemprop=\"url\" href=\"https:\/\/designwerk.li\/wp-content\/uploads\/2023\/03\/dse_dw_Lieferanten_03-2023.pdf\" target=\"_blank\"  class=\"qodef-btn qodef-btn-medium qodef-btn-simple qodef-btn-icon\"  >\n    <span class=\"qodef-btn-text\">Datenschutzerkl\u00e4rung f\u00fcr Lieferanten<\/span>\n    <i class=\"qodef-icon-font-awesome fa fa-file-pdf \" ><\/i><\/a>\t\t<\/div>\n\t<\/div>\n<\/div><\/div>[\/vc_column][\/vc_row][vc_row disable_element=&#8221;yes&#8221;][vc_column]<div class=\"qodef-elements-holder   qodef-one-column  qodef-responsive-mode-768 \" ><div class=\"qodef-eh-item    \"  data-item-class=\"qodef-eh-custom-4339\">\n\t<div class=\"qodef-eh-item-inner\">\n\t\t<div class=\"qodef-eh-item-content qodef-eh-custom-4339\" >\n\t\t\t<a itemprop=\"url\" href=\"https:\/\/designwerk.li\/wp-content\/uploads\/2023\/03\/dse_dw_Dienstleister_03-2023.pdf\" target=\"_blank\"  class=\"qodef-btn qodef-btn-medium qodef-btn-simple qodef-btn-icon\"  >\n    <span class=\"qodef-btn-text\">Datenschutzerkl\u00e4rung f\u00fcr Dienstleister<\/span>\n    <i class=\"qodef-icon-font-awesome fa fa-file-pdf \" ><\/i><\/a>\t\t<\/div>\n\t<\/div>\n<\/div><\/div>[\/vc_column][\/vc_row]<\/p>\n<\/div>","protected":false},"excerpt":{"rendered":"<p>[vc_row][vc_column][vc_column_text] designwerk code of conduct We demand that our employees and partners, such as suppliers and service providers, behave in a legally compliant, ecologically and socially responsible manner. All employees and partners are therefore obliged to comply with applicable laws [&hellip;]<\/p>\n","protected":false},"author":3,"featured_media":0,"parent":0,"menu_order":0,"comment_status":"closed","ping_status":"closed","template":"","meta":{"_acf_changed":false,"footnotes":""},"class_list":["post-38989","page","type-page","status-publish","hentry"],"acf":[],"_links":{"self":[{"href":"https:\/\/designwerk.li\/en\/wp-json\/wp\/v2\/pages\/38989","targetHints":{"allow":["GET"]}}],"collection":[{"href":"https:\/\/designwerk.li\/en\/wp-json\/wp\/v2\/pages"}],"about":[{"href":"https:\/\/designwerk.li\/en\/wp-json\/wp\/v2\/types\/page"}],"author":[{"embeddable":true,"href":"https:\/\/designwerk.li\/en\/wp-json\/wp\/v2\/users\/3"}],"replies":[{"embeddable":true,"href":"https:\/\/designwerk.li\/en\/wp-json\/wp\/v2\/comments?post=38989"}],"version-history":[{"count":6,"href":"https:\/\/designwerk.li\/en\/wp-json\/wp\/v2\/pages\/38989\/revisions"}],"predecessor-version":[{"id":39913,"href":"https:\/\/designwerk.li\/en\/wp-json\/wp\/v2\/pages\/38989\/revisions\/39913"}],"wp:attachment":[{"href":"https:\/\/designwerk.li\/en\/wp-json\/wp\/v2\/media?parent=38989"}],"curies":[{"name":"wp","href":"https:\/\/api.w.org\/{rel}","templated":true}]}}